{"id":44756,"date":"2025-07-16T23:07:54","date_gmt":"2025-07-16T23:07:54","guid":{"rendered":"https:\/\/discover.restek.com\/?page_id=44756"},"modified":"2025-12-24T00:18:50","modified_gmt":"2025-12-24T00:18:50","slug":"iso-qualitatszertifikate","status":"publish","type":"page","link":"https:\/\/discover.restek.com\/de\/iso-qualitatszertifikate\/","title":{"rendered":"ISO-Qualit\u00e4tszertifikate"},"content":{"rendered":"\n<div class=\"wp-block-group\"><div class=\"wp-block-group__inner-container is-layout-constrained wp-block-group-is-layout-constrained\"><div class=\"wp-block-image standard-page-hero-banner\">\n<figure class=\"aligncenter size-large\"><img loading=\"lazy\" decoding=\"async\" width=\"1024\" height=\"191\" src=\"https:\/\/discover.restek.com\/wp-content\/uploads\/\/page-banner-iso-quality-credentials-image-1024x191.jpg\" alt=\"\" class=\"wp-image-61282\" title=\"-\" srcset=\"https:\/\/discover.restek.com\/wp-content\/uploads\/page-banner-iso-quality-credentials-image-1024x191.jpg 1024w, https:\/\/discover.restek.com\/wp-content\/uploads\/page-banner-iso-quality-credentials-image-300x56.jpg 300w, https:\/\/discover.restek.com\/wp-content\/uploads\/page-banner-iso-quality-credentials-image-768x143.jpg 768w, https:\/\/discover.restek.com\/wp-content\/uploads\/page-banner-iso-quality-credentials-image-1536x286.jpg 1536w, https:\/\/discover.restek.com\/wp-content\/uploads\/page-banner-iso-quality-credentials-image.jpg 1920w\" sizes=\"auto, (max-width: 1024px) 100vw, 1024px\" \/><\/figure>\n<\/div>\n\n<\/div><\/div>\n\n\n\n<h1 class=\"wp-block-heading\">ISO-Qualit\u00e4tszertifikate<\/h1>\n\n\n\n<p>Die Fertigungsanlagen f\u00fcr Referenzstandards und die QK-Pr\u00fcflabore von Restek in Bellefonte, PA, sind nach ISO 17034 und ISO\/IEC 17025 akkreditiert. Diese von der American Association for Laboratory Accreditation (A2LA) vergebenen Akkreditierungen dienen &#8211; ebenso wie die seit 1994 gef\u00fchrte ISO 9001 Registrierung &#8211; als Nachweis daf\u00fcr, dass Restek und seine Labore die weltweit anerkannten Qualit\u00e4tsstandards der International Organization for Standardization (ISO) erf\u00fcllen.<\/p>\n\n\n\n<p>Unabh\u00e4ngig davon, ob Sie zertifizierte Referenzmaterialien (CRMs) eines akkreditierten Labors verwenden m\u00fcssen oder nicht, k\u00f6nnen Sie Ihre prim\u00e4ren und sekund\u00e4ren Referenzstandards von Restek beziehen und von der hervorragenden Produktqualit\u00e4t und dem Kundenservice profitieren, die zur Einhaltung der strengen ISO-Richtlinien erforderlich sind. Neben einer umfangreichen Auswahl, die vorr\u00e4tig und versandbereit ist, sind auch die ma\u00dfgeschneiderten L\u00f6sungen von Restek ISO-akkreditiert. Erf\u00fcllen Sie alle Ihre Anforderungen f\u00fcr zertifizierte Referenzmaterialien &#8211; und Ihren Bedarf an GC und LC S\u00e4ulen, Produkten zur Probenvorbereitung und Zubeh\u00f6r &#8211; mithilfe einer einzigen, zuverl\u00e4ssigen Bezugsquelle!<\/p>\n\n\n\n<p>Erfahren Sie unten mehr \u00fcber die ISO-Zertifizierung von Restek und schauen Sie sich die Zertifikate an (einschlie\u00dflich der Geltungsbereiche der Akkreditierung). Wenn Sie Fragen haben, rufen Sie bitte 06172 \/ 2797-0 an. Besuchen Sie <a href=\"https:\/\/www.restek.com\/articles\/restek-reference-standards\/\" data-type=\"link\" data-id=\"https:\/\/www.restek.com\/articles\/restek-reference-standards\/\" target=\"_blank\" rel=\"noopener\">www.restek.com\/standards<\/a>&nbsp;um mehr \u00fcber die Referenzstandards von Restek zu erfahren.<\/p>\n\n\n\n<h2 class=\"wp-block-heading\">ISO 9001:2015<\/h2>\n\n\n\n<p>ISO 9001 ist ein international anerkannter Standard f\u00fcr allgemeines Qualit\u00e4tsmanagement, der systematische Kontrollen vorschreibt, um sicherzustellen, dass Produkte und Dienstleistungen die Bed\u00fcrfnisse und Erwartungen der Verbraucher durchweg erf\u00fcllen. Um die ISO 9001 Richtlinien zu erf\u00fcllen, m\u00fcssen Unternehmen standardisierte schriftliche Verfahren (SOPs) implementieren und eine vollst\u00e4ndige, r\u00fcckverfolgbare Dokumentation f\u00fcr Produkte erstellen und zwar vom Zeitpunkt der Herstellung bis hin zum Vertrieb. Restek geht \u00fcber die Anwendung des ISO-Standards 9001 hinaus und hat Systeme f\u00fcr Kundenfeedback und Kundenservice sowie f\u00fcr die Erfassung von Korrektur- und Vorbeugema\u00dfnahmen geschaffen.<\/p>\n\n\n\n<div data-wp-interactive=\"core\/file\" class=\"wp-block-file\"><object data-wp-bind--hidden=\"!state.hasPdfPreview\" hidden class=\"wp-block-file__embed\" data=\"https:\/\/discover.restek.com\/wp-content\/uploads\/iso-certificate-9001-2015.pdf\" type=\"application\/pdf\" style=\"width:100%;height:600px\" aria-label=\"Embed of iso-certificate-9001-2015.\"><\/object><a id=\"wp-block-file--media-f279b48f-eec1-44d6-9d84-dbef1d7f99c3\" href=\"https:\/\/discover.restek.com\/wp-content\/uploads\/iso-certificate-9001-2015.pdf\">iso-certificate-9001-2015<\/a><a href=\"https:\/\/discover.restek.com\/wp-content\/uploads\/iso-certificate-9001-2015.pdf\" class=\"wp-block-file__button wp-element-button\" aria-describedby=\"wp-block-file--media-f279b48f-eec1-44d6-9d84-dbef1d7f99c3\" download>Download<\/a><\/div>\n\n\n\n<h2 class=\"wp-block-heading\">ISO\/IEC 17025:2017<\/h2>\n\n\n\n<p>Der Standard ISO\/IEC 17025 gilt generell f\u00fcr jedes Pr\u00fcf- oder Kalibrierungslabor. Um die Akkreditierung zu erlangen und aufrechtzuerhalten, muss das Referenzstandardlabor von Restek nachweisen, dass seine analytischen Testverfahren konsistente, g\u00fcltige Ergebnisse liefern und die h\u00f6chstm\u00f6gliche Qualit\u00e4t gew\u00e4hrleisten &#8211; von der Reinheit des Rohmaterials bis zum Endprodukt. Au\u00dferdem muss es \u00fcber Systeme zur kontinuierlichen Verbesserung der Testverfahren verf\u00fcgen, die auf dem Feedback von Kunden und Mitarbeitern basieren. Restek hat seine technische Kompetenz unter Beweis gestellt und die Akkreditierung nach ISO\/IEC 17025 erlangt, indem es wiederholt und zuverl\u00e4ssig hervorragende Testergebnisse erzielt hat.<\/p>\n\n\n\n<div data-wp-interactive=\"core\/file\" class=\"wp-block-file\"><object data-wp-bind--hidden=\"!state.hasPdfPreview\" hidden class=\"wp-block-file__embed\" data=\"https:\/\/discover.restek.com\/wp-content\/uploads\/3222-02-ISO-IEC-17025-2017-Scope-of-Accreditation-Jan-2026.pdf\" type=\"application\/pdf\" style=\"width:100%;height:600px\" aria-label=\"Embed of ISO-IEC 17025 certificate 3222-02 _valid until 12-31-2025.\"><\/object><a id=\"wp-block-file--media-bef6ed26-b3c3-4449-8384-82e7baa70595\" href=\"https:\/\/discover.restek.com\/wp-content\/uploads\/3222-02-ISO-IEC-17025-2017-Scope-of-Accreditation-Jan-2026.pdf\">ISO-IEC 17025 certificate 3222-02 _valid until 12-31-2025<\/a><a href=\"https:\/\/discover.restek.com\/wp-content\/uploads\/3222-02-ISO-IEC-17025-2017-Scope-of-Accreditation-Jan-2026.pdf\" class=\"wp-block-file__button wp-element-button\" aria-describedby=\"wp-block-file--media-bef6ed26-b3c3-4449-8384-82e7baa70595\" download>Download<\/a><\/div>\n\n\n\n<h2 class=\"wp-block-heading\">ISO 17034:2016<\/h2>\n\n\n\n<p>ISO 17034 richtet sich speziell an Hersteller von Referenzstandards und befasst sich nicht nur mit den bei der Herstellung verwendeten Qualit\u00e4tssystemen, sondern auch mit der Bestimmung der Unsicherheitsgrade, die mit allen im Zertifikat eines Standards angegebenen Werten verbunden sind. Restek f\u00fchrte umfangreiche Studien \u00fcber Unsicherheiten bez\u00fcglich Gravimetrie, Homogenit\u00e4t von Ampulle zu Ampulle, Lager- und Versandstabilit\u00e4t durch. Dar\u00fcber hinaus gibt das Labor von Restek f\u00fcr alle Referenzstandards, die es produziert, eine kombinierte Unsicherheit an, die Herstellung, Pr\u00fcfung, Lagerung und Versand umfasst, so dass die Akkreditierung sowohl f\u00fcr Vorratsl\u00f6sungen als auch kundenspezifisch formulierte L\u00f6sungen gilt. Restek hat sein Engagement, Kunden zertifizierte Referenzmaterialien h\u00f6chster Qualit\u00e4t anzubieten, unter Beweis gestellt, indem es die ISO 17034-Akkreditierung beantragt und erhalten hat. In Kombination mit der Registrierung gem\u00e4\u00df ISO 9001- und der ISO\/IEC 17025-Akkreditierung steht dies f\u00fcr den h\u00f6chsten Leistungsstandard, den ein Anbieter von Referenzstandards erreichen kann.<\/p>\n\n\n\n<div data-wp-interactive=\"core\/file\" class=\"wp-block-file\"><object data-wp-bind--hidden=\"!state.hasPdfPreview\" hidden class=\"wp-block-file__embed\" data=\"https:\/\/discover.restek.com\/wp-content\/uploads\/3222-01-17034-2016-Scope-of-Accreditation-Jan-2026-1.pdf\" type=\"application\/pdf\" style=\"width:100%;height:600px\" aria-label=\"Embed of ISO 17034 certificate 3222-01_valid until 12-31-2025.\"><\/object><a id=\"wp-block-file--media-ffe27fa4-242a-4e95-b105-124ebf0ac829\" href=\"https:\/\/discover.restek.com\/wp-content\/uploads\/3222-01-17034-2016-Scope-of-Accreditation-Jan-2026-1.pdf\">ISO 17034 certificate 3222-01_valid until 12-31-2025<\/a><a href=\"https:\/\/discover.restek.com\/wp-content\/uploads\/3222-01-17034-2016-Scope-of-Accreditation-Jan-2026-1.pdf\" class=\"wp-block-file__button wp-element-button\" aria-describedby=\"wp-block-file--media-ffe27fa4-242a-4e95-b105-124ebf0ac829\" download>Download<\/a><\/div>\n\n\n\n<p><\/p>\n\n\n\n<p>Erfahren Sie mehr \u00fcber Referenzstandards von Restek unter <a href=\"https:\/\/www.restek.com\/articles\/restek-reference-standards\/\" data-type=\"link\" data-id=\"https:\/\/www.restek.com\/articles\/restek-reference-standards\/\" target=\"_blank\" rel=\"noopener\">www.restek.com\/standards<\/a><\/p>\n","protected":false},"excerpt":{"rendered":"<p>ISO-Qualit\u00e4tszertifikate Die Fertigungsanlagen f\u00fcr Referenzstandards und die QK-Pr\u00fcflabore von Restek in Bellefonte, PA, sind nach ISO 17034 und ISO\/IEC 17025 akkreditiert. Diese von der American Association for Laboratory Accreditation (A2LA)&#8230;<\/p>\n","protected":false},"author":1,"featured_media":7282,"parent":0,"menu_order":0,"comment_status":"closed","ping_status":"closed","template":"","meta":{"_acf_changed":false,"_kad_blocks_custom_css":"","_kad_blocks_head_custom_js":"","_kad_blocks_body_custom_js":"","_kad_blocks_footer_custom_js":"","_kadence_starter_templates_imported_post":false,"_kad_post_transparent":"","_kad_post_title":"hide","_kad_post_layout":"","_kad_post_sidebar_id":"","_kad_post_content_style":"","_kad_post_vertical_padding":"","_kad_post_feature":"","_kad_post_feature_position":"","_kad_post_header":false,"_kad_post_footer":false,"footnotes":""},"class_list":["post-44756","page","type-page","status-publish","has-post-thumbnail","hentry"],"acf":[],"taxonomy_info":[],"featured_image_src_large":["https:\/\/discover.restek.com\/wp-content\/uploads\/feature-GNOT3423-1024x536.jpg",1024,536,true],"author_info":{"display_name":"DRCadmin","author_link":"https:\/\/discover.restek.com\/de\/author\/drcadmin\/"},"comment_info":0,"_links":{"self":[{"href":"https:\/\/discover.restek.com\/de\/wp-json\/wp\/v2\/pages\/44756","targetHints":{"allow":["GET"]}}],"collection":[{"href":"https:\/\/discover.restek.com\/de\/wp-json\/wp\/v2\/pages"}],"about":[{"href":"https:\/\/discover.restek.com\/de\/wp-json\/wp\/v2\/types\/page"}],"author":[{"embeddable":true,"href":"https:\/\/discover.restek.com\/de\/wp-json\/wp\/v2\/users\/1"}],"replies":[{"embeddable":true,"href":"https:\/\/discover.restek.com\/de\/wp-json\/wp\/v2\/comments?post=44756"}],"version-history":[{"count":5,"href":"https:\/\/discover.restek.com\/de\/wp-json\/wp\/v2\/pages\/44756\/revisions"}],"predecessor-version":[{"id":77301,"href":"https:\/\/discover.restek.com\/de\/wp-json\/wp\/v2\/pages\/44756\/revisions\/77301"}],"wp:featuredmedia":[{"embeddable":true,"href":"https:\/\/discover.restek.com\/de\/wp-json\/wp\/v2\/media\/7282"}],"wp:attachment":[{"href":"https:\/\/discover.restek.com\/de\/wp-json\/wp\/v2\/media?parent=44756"}],"curies":[{"name":"wp","href":"https:\/\/api.w.org\/{rel}","templated":true}]}}