{"id":54939,"date":"2025-07-15T13:40:06","date_gmt":"2025-07-15T13:40:06","guid":{"rendered":"https:\/\/discover.restek.com\/?page_id=54939"},"modified":"2025-12-22T23:08:33","modified_gmt":"2025-12-22T23:08:33","slug":"ueber-restek","status":"publish","type":"page","link":"https:\/\/discover.restek.com\/de\/ueber-restek\/","title":{"rendered":"Willkommen bei Restek"},"content":{"rendered":"\n<div class=\"wp-block-group\"><div class=\"wp-block-group__inner-container is-layout-constrained wp-block-group-is-layout-constrained\"><div class=\"wp-block-image standard-page-hero-banner\">\n<figure class=\"aligncenter size-large\"><img loading=\"lazy\" decoding=\"async\" width=\"1024\" height=\"191\" src=\"https:\/\/discover.restek.com\/wp-content\/uploads\/\/page-banner-about-us-image-1024x191.jpg\" alt=\"\" class=\"wp-image-61270\" title=\"-\" srcset=\"https:\/\/discover.restek.com\/wp-content\/uploads\/page-banner-about-us-image-1024x191.jpg 1024w, https:\/\/discover.restek.com\/wp-content\/uploads\/page-banner-about-us-image-300x56.jpg 300w, https:\/\/discover.restek.com\/wp-content\/uploads\/page-banner-about-us-image-768x143.jpg 768w, https:\/\/discover.restek.com\/wp-content\/uploads\/page-banner-about-us-image-1536x286.jpg 1536w, https:\/\/discover.restek.com\/wp-content\/uploads\/page-banner-about-us-image.jpg 1920w\" sizes=\"auto, (max-width: 1024px) 100vw, 1024px\" \/><\/figure>\n<\/div>\n\n<\/div><\/div>\n\n\n\n<h1 class=\"wp-block-heading\">Willkommen bei Restek<\/h1>\n\n\n\n<p>Unser Unternehmen wurde 1985 gegr\u00fcndet und ist ein f\u00fchrender Entwickler und Hersteller von Chromatografies\u00e4ulen, Produkten zur Probenvorbereitung und -nahme, Referenzstandards und Ger\u00e4tezubeh\u00f6r. Wir arbeiten mit Analytikern auf der ganzen Welt zusammen und stellen ihnen Tools zur Verf\u00fcgung, mit denen sie die Qualit\u00e4t von Luft, Wasser, Boden, Lebensmitteln, Pflanzenpr\u00e4paraten, Pharmazeutika, Chemikalien und Erd\u00f6lprodukten \u00fcberwachen k\u00f6nnen.<\/p>\n\n\n\n<p>Unsere Leidenschaft gilt der Wissenschaft und der Herstellung innovativer Produkte. Dadurch erm\u00f6glichen wir erstklassige Chromatographie-Verfahren, kombiniert mit einem \u00fcberragenden Kundenservice. Unser Gr\u00fcnder, Paul Silvis, benannte dies als \u201ePlus 1\u201c Service. Ein Begriff, den wir noch heute verwenden. Dieser Service hilft uns, unsere Mission zu erf\u00fcllen: Ihre erste und beste Wahl f\u00fcr die Chromatographie zu sein.<\/p>\n\n\n\n<p>Restek ist ein Unternehmen, welches sich zu 100 % im Besitz seiner Mitarbeiter befindet &#8211; mit einer langen&nbsp;<a href=\"https:\/\/www.restek.com\/pages\/die-restek-geschichte\" target=\"_blank\" rel=\"noopener\">Geschichte<\/a> and und einer starken <a href=\"https:\/\/www.restek.com\/pages\/unternehmensphilosophie-und-kultur-von-restek\" target=\"_blank\" rel=\"noopener\">Unternehmenskultur<\/a>. Wir sind unabh\u00e4ngig und nicht an bestimmte Ger\u00e4temarken gebunden. Ganz gleich, ob es sich bei Ihrem Chromatografen um ein bew\u00e4hrtes Instrument oder um Ihre neueste Investition handelt, wir helfen Ihnen gerne, das Beste aus dem jeweiligen Ger\u00e4t herauszuholen.<\/p>\n\n\n\n<p>Wir unterhalten Niederlassungen <a href=\"https:\/\/www.restek.com\/pages\/restek-locations-facilities\" data-type=\"link\" data-id=\"https:\/\/www.restek.com\/pages\/restek-locations-facilities\" target=\"_blank\" rel=\"noopener\">rund um den Globus<\/a>, und glauben, dass unsere einzigartige Perspektive unser Unternehmen st\u00e4rkt. Wir sind stolz darauf, allen Analytikern, mit denen wir zusammenarbeiten, das beste Kundenerlebnis zu bieten. Wo auch immer Sie t\u00e4tig sind, wir sind bereit, eine langfristige Partnerschaft mit Ihnen und Ihrem Labor aufzubauen, und zwar durch Produkte h\u00f6chster Qualit\u00e4t, die durch fachkundige Schulung und hervorragenden technischen Service unterst\u00fctzt werden.<\/p>\n\n\n\n<p>Die Arbeit unserer Kunden macht die Welt zu einem sichereren und ges\u00fcnderen Ort. Lassen Sie uns gemeinsam etwas bewirken und&nbsp;<a href=\"https:\/\/www.restek.com\/contact-us\" target=\"_blank\" rel=\"noopener\">wenden<\/a> Sie sich noch heute an Ihre lokale Restek Niederlassung oder Ihren <a href=\"https:\/\/www.restek.com\/distributors-locator\" target=\"_blank\" rel=\"noopener\">Vertriebsh\u00e4ndler<\/a>, im mehr zu erfahren.<\/p>\n\n\n\n<p>Haben Sie bereits mit uns zusammengearbeitet? Wir laden Sie ein, Ihre Restek-Erfahrung zu <a href=\"https:\/\/www.restek.com\/registration\" target=\"_blank\" rel=\"noopener\">teilen<\/a>. Ihr Feedback hilft uns, uns weiter zu verbessern; deshalb w\u00fcrden wir uns freuen, von Ihnen zu h\u00f6ren.<\/p>\n\n\n\n<p>Vielen Dank, dass Sie sich f\u00fcr Restek entschieden haben.<\/p>\n\n\n\n<p><\/p>\n","protected":false},"excerpt":{"rendered":"<p>Willkommen bei Restek Unser Unternehmen wurde 1985 gegr\u00fcndet und ist ein f\u00fchrender Entwickler und Hersteller von Chromatografies\u00e4ulen, Produkten zur Probenvorbereitung und -nahme, Referenzstandards und Ger\u00e4tezubeh\u00f6r. Wir arbeiten mit Analytikern auf&#8230;<\/p>\n","protected":false},"author":5,"featured_media":0,"parent":0,"menu_order":0,"comment_status":"closed","ping_status":"closed","template":"","meta":{"_acf_changed":false,"_kad_blocks_custom_css":"","_kad_blocks_head_custom_js":"","_kad_blocks_body_custom_js":"","_kad_blocks_footer_custom_js":"","_kadence_starter_templates_imported_post":false,"_kad_post_transparent":"","_kad_post_title":"hide","_kad_post_layout":"","_kad_post_sidebar_id":"","_kad_post_content_style":"","_kad_post_vertical_padding":"","_kad_post_feature":"","_kad_post_feature_position":"","_kad_post_header":false,"_kad_post_footer":false,"footnotes":""},"class_list":["post-54939","page","type-page","status-publish","hentry"],"acf":[],"taxonomy_info":[],"featured_image_src_large":false,"author_info":{"display_name":"Brenda Cogan","author_link":"https:\/\/discover.restek.com\/de\/author\/brenda-coganrestek-com\/"},"comment_info":0,"_links":{"self":[{"href":"https:\/\/discover.restek.com\/de\/wp-json\/wp\/v2\/pages\/54939","targetHints":{"allow":["GET"]}}],"collection":[{"href":"https:\/\/discover.restek.com\/de\/wp-json\/wp\/v2\/pages"}],"about":[{"href":"https:\/\/discover.restek.com\/de\/wp-json\/wp\/v2\/types\/page"}],"author":[{"embeddable":true,"href":"https:\/\/discover.restek.com\/de\/wp-json\/wp\/v2\/users\/5"}],"replies":[{"embeddable":true,"href":"https:\/\/discover.restek.com\/de\/wp-json\/wp\/v2\/comments?post=54939"}],"version-history":[{"count":4,"href":"https:\/\/discover.restek.com\/de\/wp-json\/wp\/v2\/pages\/54939\/revisions"}],"predecessor-version":[{"id":76625,"href":"https:\/\/discover.restek.com\/de\/wp-json\/wp\/v2\/pages\/54939\/revisions\/76625"}],"wp:attachment":[{"href":"https:\/\/discover.restek.com\/de\/wp-json\/wp\/v2\/media?parent=54939"}],"curies":[{"name":"wp","href":"https:\/\/api.w.org\/{rel}","templated":true}]}}