{"id":55403,"date":"2024-11-25T14:47:27","date_gmt":"2024-11-25T14:47:27","guid":{"rendered":"https:\/\/discover.restek.com\/?page_id=55403"},"modified":"2025-10-16T20:26:38","modified_gmt":"2025-10-16T20:26:38","slug":"unternehmensphilosophie-und-kultur-von-restek","status":"publish","type":"page","link":"https:\/\/discover.restek.com\/de\/unternehmensphilosophie-und-kultur-von-restek\/","title":{"rendered":"Die Unternehmensphilosophie &amp; Kultur von Restek"},"content":{"rendered":"\n<h2 class=\"wp-block-heading\">Unsere Mission und Grundwerte<\/h2>\n\n\n\n<p>Bei Restek sind wir eine globale Gemeinschaft von Arbeitnehmer-Eigent\u00fcmern, die durch eine gemeinsame Leidenschaft f\u00fcr positive Ver\u00e4nderungen vereint sind. Unsere Vision ist es, eine kollaborative Kultur zu f\u00f6rdern, in der Mitarbeiter und Kunden zusammenarbeiten, um die globale Gesundheit und Sicherheit voranzutreiben. Ob durch die Verbesserung von Umwelttests, die Gew\u00e4hrleistung der Sicherheit unserer Lebensmittel und unseres Wassers, die Verbesserung der Produktintegrit\u00e4t oder die F\u00f6rderung von Fortschritten in verschiedenen Branchen \u2013 die Arbeit, die wir leisten, verbessert das Leben und unterst\u00fctzt die wissenschaftliche Gemeinschaft weltweit.<\/p>\n\n\n\n<p>Unsere Mission spiegelt unser Engagement wider, hochwertige Chromatografiel\u00f6sungen bereitzustellen und gleichzeitig eine mitarbeiterzentrierte Kultur zu f\u00f6rdern. Als zu 100 % in Mitarbeiterbesitz befindliches Unternehmen sind wir stolz darauf, unsere Unabh\u00e4ngigkeit zu bewahren, unsere Mitarbeiter zu st\u00e4rken und sicherzustellen, dass jedes Teammitglied zu unserem Erfolg beitr\u00e4gt. Eigentum bei Restek geht \u00fcber Finanzen hinaus \u2013 es ist eine Art des Zusammenarbeitens mit Respekt, Teamarbeit und einer gemeinsamen Vision, um herausragende Ergebnisse f\u00fcr unsere Kunden, Partner und Gemeinschaften zu liefern.<\/p>\n\n\n\n<p>Dieses Engagement inspiriert uns, kontinuierlich zu wachsen und zusammenzuarbeiten, indem wir das Fachwissen unserer Mitarbeiter-Eigent\u00fcmer und die Erkenntnisse unserer Kunden vereinen, um kritische Herausforderungen zu bew\u00e4ltigen und weltweit bedeutende Ergebnisse zu erzielen. Unser Engagement f\u00fcr Eigenverantwortung, Teamarbeit und gemeinsamen Erfolg definiert unsere Kultur und unsere Grundwerte, die unsere Arbeitsweise, unseren Service und unseren Erfolg bestimmen.<\/p>\n\n\n\n<h2 class=\"wp-block-heading\">Unsere Grundwerte: Die Grundlage f\u00fcr die Kultur und den Erfolg von Restek<\/h2>\n\n\n\n<p>Bei Restek sind unsere Grundwerte mehr als nur Richtlinien &#8211; sie sind die Grundlage daf\u00fcr, wie wir zusammenarbeiten, uns verbinden und wachsen. Diese Werte pr\u00e4gen unsere Kultur, treiben unser Engagement f\u00fcr Spitzenleistungen voran und bestimmen unsere Beziehungen zu Kunden, Partnern und untereinander. Sie spiegeln wider, wer wir als Arbeitnehmer-Eigent\u00fcmer sind, wie wir zusammenarbeiten und wie wir kreative, ma\u00dfgeschneiderte L\u00f6sungen anbieten, um individuelle Bed\u00fcrfnisse zu erf\u00fcllen und gleichzeitig einen Arbeitsplatz zu schaffen, an dem Menschen erfolgreich sind:<\/p>\n\n\n\n<ul class=\"wp-block-list\">\n<li><strong>We Care:\u00a0<\/strong>Priorit\u00e4t haben unsere Mitarbeiter, der Erfolg unserer Kunden und unser globaler und gesellschaftlicher Einfluss.<\/li>\n\n\n\n<li><strong>Better Every Day:<\/strong> Kontinuierliche Verbesserung, F\u00f6rderung der pers\u00f6nlichen und beruflichen Entwicklung und Gew\u00e4hrleistung von Verantwortlichkeit.<\/li>\n\n\n\n<li><strong>Respect for All:<\/strong> An andere denken, Bescheidenheit wahren und von guten Absichten ausgehen.<\/li>\n\n\n\n<li><strong>Win Together:<\/strong> Gemeinsamer Erfolg durch Arbeitnehmer-Eigent\u00fcmerschaft, Zusammenarbeit und das Feiern von Erfolgen.<\/li>\n<\/ul>\n\n\n\n<h3 class=\"wp-block-heading\">We Care<\/h3>\n\n\n\n<p>Bei Restek ist &#8220;We Care\u201c mehr als nur ein Grundwert &#8211; es ist eine Arbeitsweise, bei der Menschen und Beziehungen im Vordergrund stehen. Durch die F\u00f6rderung eines unterst\u00fctzenden Umfelds bef\u00e4higen wir jeden Einzelnen, sich zu entfalten und einen sinnvollen Beitrag zu unserem gemeinsamen Erfolg zu leisten. Diese Sorgfalt erstreckt sich auch auf die Art und Weise, wie wir an Herausforderungen herangehen, indem wir individuelle, innovative L\u00f6sungen anbieten, die den Fortschritt f\u00fcr unsere Kunden und Partner vorantreiben. \u00dcber unsere Arbeit hinaus engagieren wir uns f\u00fcr die F\u00f6rderung der globalen Gesundheit und Umweltsicherheit sowie f\u00fcr den Dienst an der Gemeinschaft in den Regionen, in denen wir t\u00e4tig sind, und machen die F\u00fcrsorge zum Herzst\u00fcck unseres Handelns.<\/p>\n\n\n\n<h3 class=\"wp-block-heading\">Better Every Day<\/h3>\n\n\n\n<p>&#8220;Better Every Day\u201c spiegelt unser Engagement f\u00fcr unsere Mitarbeiter wider, bei dem die pers\u00f6nliche und berufliche Entwicklung im Vordergrund steht und jeder sein volles Potenzial entfalten kann. Ob wir nun den Fortschritt innerhalb unseres Unternehmens vorantreiben oder den Menschen, denen wir dienen, zum Erfolg verhelfen &#8211; dieser Wert stellt sicher, dass wir uns immer gemeinsam weiterentwickeln. Diese Denkweise erstreckt sich auch auf unser Streben nach kontinuierlichem Wachstum und Verbesserung, wobei wir auf unseren St\u00e4rken aufbauen, um noch bessere Ergebnisse zu erzielen. Durch die Verfeinerung von Prozessen, die Verbesserung von L\u00f6sungen und die F\u00f6rderung einer Kultur der Verantwortlichkeit streben wir danach, unseren Kunden, Gemeinden, Partnern und uns gegenseitig mit jedem Schritt nach vorne besser zu dienen.<\/p>\n\n\n\n<h3 class=\"wp-block-heading\">Respect for All<\/h3>\n\n\n\n<p>&#8220;Respekt for All\u201c ist von zentraler Bedeutung f\u00fcr unser Handeln und unseren Umgang mit den Menschen um uns herum. Es geht darum, Perspektiven zu sch\u00e4tzen, Vertrauen zu f\u00f6rdern und starke Beziehungen aufzubauen, wann immer wir in unseren Teams zusammenarbeiten, mit unseren Kunden und Partnern zusammenarbeiten und einen Beitrag zu den Gemeinschaften leisten, denen wir dienen. Indem wir jeder Interaktion mit Einf\u00fchlungsverm\u00f6gen, Bescheidenheit und echtem Engagement f\u00fcr Verst\u00e4ndnis begegnen, schaffen wir ein Umfeld, in dem sich jeder willkommen, gesch\u00e4tzt, respektiert und geh\u00f6rt f\u00fchlt.<\/p>\n\n\n\n<h3 class=\"wp-block-heading\">Win Together<\/h3>\n\n\n\n<p>Als Unternehmen, das sich zu 100 % im Besitz der Mitarbeiter befindet, steht &#8220;Win Together\u201c f\u00fcr die Kraft der Zusammenarbeit, des Eigentums und des gemeinsamen Erfolgs. Als Arbeitnehmer-Eigent\u00fcmer bedeutet es, Teil eines Teams zu sein, in dem Ihre Bem\u00fchungen nicht nur zum Erfolg des Unternehmens beitragen, sondern durch unser einzigartiges Eigentumsmodell auch direkte Vorteile bringen. F\u00fcr unsere Kunden und Partner bedeutet es die Gewissheit, dass sie mit einem Team zusammenarbeiten, das sich voll und ganz daf\u00fcr einsetzt, au\u00dfergew\u00f6hnliche Ergebnisse f\u00fcr ihr Unternehmen zu erzielen. Gemeinsam feiern wir Erfolge, erkennen Beitr\u00e4ge an und schaffen Win-Win-M\u00f6glichkeiten, die den Wert f\u00fcr alle steigern.<\/p>\n\n\n\n<h2 class=\"wp-block-heading\">Bestimmen Sie Ihre Zukunft bei Restek<\/h2>\n\n\n\n<p>Bei Restek glauben wir, dass der Schl\u00fcssel zum Erfolg in einer Kultur der Eigenverantwortung liegt &#8211; sowohl f\u00fcr Ihre Arbeit als auch f\u00fcr Ihre pers\u00f6nliche Entwicklung. Als Unternehmen, das sich zu 100 % im Besitz der Mitarbeiter befindet, geben wir Ihnen die M\u00f6glichkeit, Ihre Karriere, Ihr Wohlbefinden und Ihre finanzielle Zukunft selbst in die Hand zu nehmen. Sie k\u00f6nnen Ihren eigenen Weg gestalten und sich in einem Umfeld entfalten, das die Vereinbarkeit von Beruf und Privatleben, Entwicklung und gemeinsamen Erfolg sch\u00e4tzt. &nbsp;<\/p>\n\n\n\n<p>Werden Sie Teil eines Teams, in dem Ihre Stimme z\u00e4hlt, Ihr Wachstum unterst\u00fctzt wird und Ihre Beitr\u00e4ge direkt zu unserem Erfolg beitragen. <a href=\"https:\/\/www.restek.com\/pages\/careers\" target=\"_blank\" rel=\"noopener\">Klicken Sie hier, um die aktuellen M\u00f6glichkeiten zu erkunden<\/a>, wie Sie bei Restek etwas bewirken und Ihre Karriere selbst in die Hand nehmen k\u00f6nnen. Entdecken Sie, wie Sie bei Restek wirklich\u00a0<em>Ihre Zukunft selbst in der Hand haben<\/em>.<\/p>\n\n\n\n<p><\/p>\n","protected":false},"excerpt":{"rendered":"<p>Unsere Mission und Grundwerte Bei Restek sind wir eine globale Gemeinschaft von Arbeitnehmer-Eigent\u00fcmern, die durch eine gemeinsame Leidenschaft f\u00fcr positive Ver\u00e4nderungen vereint sind. Unsere Vision ist es, eine kollaborative Kultur&#8230;<\/p>\n","protected":false},"author":5,"featured_media":26497,"parent":0,"menu_order":0,"comment_status":"closed","ping_status":"closed","template":"","meta":{"_acf_changed":false,"_kad_blocks_custom_css":"","_kad_blocks_head_custom_js":"","_kad_blocks_body_custom_js":"","_kad_blocks_footer_custom_js":"","_kadence_starter_templates_imported_post":false,"_kad_post_transparent":"","_kad_post_title":"","_kad_post_layout":"","_kad_post_sidebar_id":"","_kad_post_content_style":"","_kad_post_vertical_padding":"","_kad_post_feature":"","_kad_post_feature_position":"","_kad_post_header":false,"_kad_post_footer":false,"footnotes":""},"class_list":["post-55403","page","type-page","status-publish","has-post-thumbnail","hentry"],"acf":[],"taxonomy_info":[],"featured_image_src_large":["https:\/\/discover.restek.com\/wp-content\/uploads\/header-article-GNOT3452-core-values-1024x284.jpg",1024,284,true],"author_info":{"display_name":"Brenda Cogan","author_link":"https:\/\/discover.restek.com\/de\/author\/brenda-coganrestek-com\/"},"comment_info":0,"_links":{"self":[{"href":"https:\/\/discover.restek.com\/de\/wp-json\/wp\/v2\/pages\/55403","targetHints":{"allow":["GET"]}}],"collection":[{"href":"https:\/\/discover.restek.com\/de\/wp-json\/wp\/v2\/pages"}],"about":[{"href":"https:\/\/discover.restek.com\/de\/wp-json\/wp\/v2\/types\/page"}],"author":[{"embeddable":true,"href":"https:\/\/discover.restek.com\/de\/wp-json\/wp\/v2\/users\/5"}],"replies":[{"embeddable":true,"href":"https:\/\/discover.restek.com\/de\/wp-json\/wp\/v2\/comments?post=55403"}],"version-history":[{"count":1,"href":"https:\/\/discover.restek.com\/de\/wp-json\/wp\/v2\/pages\/55403\/revisions"}],"predecessor-version":[{"id":55404,"href":"https:\/\/discover.restek.com\/de\/wp-json\/wp\/v2\/pages\/55403\/revisions\/55404"}],"wp:featuredmedia":[{"embeddable":true,"href":"https:\/\/discover.restek.com\/de\/wp-json\/wp\/v2\/media\/26497"}],"wp:attachment":[{"href":"https:\/\/discover.restek.com\/de\/wp-json\/wp\/v2\/media?parent=55403"}],"curies":[{"name":"wp","href":"https:\/\/api.w.org\/{rel}","templated":true}]}}