{"id":55417,"date":"2024-05-06T14:17:16","date_gmt":"2024-05-06T14:17:16","guid":{"rendered":"https:\/\/discover.restek.com\/?page_id=55417"},"modified":"2025-12-24T00:06:59","modified_gmt":"2025-12-24T00:06:59","slug":"erklaerung-zur-modernen-sklaverei","status":"publish","type":"page","link":"https:\/\/discover.restek.com\/de\/erklaerung-zur-modernen-sklaverei\/","title":{"rendered":"Erkl\u00e4rung zur modernen Sklaverei"},"content":{"rendered":"\n<h1 class=\"wp-block-heading\">Erkl\u00e4rung zur modernen Sklaverei<\/h1>\n\n\n\n<p>Moderne Sklaverei umfasst alle Arten von Sklaverei, Leibeigenschaft, Zwangsarbeit und Menschenhandel. Restek ist sich dieser st\u00e4ndig zunehmenden Probleme bewusst und nimmt sie sehr ernst. Restek lehnt moderne Sklaverei in all ihren Formen ab und verfolgt eine Nulltoleranzstrategie in allen Bereichen seiner Gesch\u00e4ftst\u00e4tigkeit und Lieferkette. Restek ergreift Ma\u00dfnahmen, um sicherzustellen, dass die Organisationen in ihrer Lieferkette seri\u00f6s sind und alle geltenden Gesetze einhalten, einschlie\u00dflich der Gesetze in Bezug auf moderne Sklaverei und Menschenhandel.<\/p>\n\n\n\n<p>Restek ist ein zu 100 % im Besitz seiner Mitarbeiter befindliches Unternehmen. Als ein f\u00fchrender Entwickler und Hersteller von Chromatografies\u00e4ulen, Produkten zur Probenvorbereitung und&nbsp;<br>-nahme, Referenzstandards und Ger\u00e4tezubeh\u00f6r unterh\u00e4lt Restek Niederlassungen f\u00fcr den Direktvertrieb in China, Frankreich, Deutschland, Italien, Japan, im Vereinigten K\u00f6nigreich und in Spanien sowie ein Vertriebsnetz, das Laborchemiker in \u00fcber 100 L\u00e4ndern auf sechs Kontinenten bedient. Restek wurde 1985 gegr\u00fcndet und hat sich erfolgreich zu einer globalen Organisation mit Mitarbeitern in aller Welt entwickelt. Die globalen Lieferketten und die vielf\u00e4ltigen Lieferanten von Restek sorgen daf\u00fcr, dass wir unsere Kunden mit qualitativ hochwertigen Waren und Dienstleistungen beliefern k\u00f6nnen.<\/p>\n\n\n\n<p>Zur Bek\u00e4mpfung moderner Sklaverei und des Menschenhandels hat Restek unter anderem folgende Schritte unternommen:<\/p>\n\n\n\n<ul class=\"wp-block-list\">\n<li>Unsere Liefervereinbarungen und Vertr\u00e4ge enthalten eine Compliance Klausel gegen Sklaverei und Menschenhandel.<\/li>\n\n\n\n<li>Im Rahmen des Zertifizierungsverfahrens f\u00fcr neue Lieferanten m\u00fcssen diese einen Fragebogen ausf\u00fcllen, in dem sie sich verpflichten, ihre eigenen Betriebsabl\u00e4ufe und ihre Lieferkette auf Anzeichen moderner Sklaverei zu pr\u00fcfen und entsprechende Ma\u00dfnahmen zu ergreifen, falls Probleme festgestellt werden.<\/li>\n\n\n\n<li>Alle Lieferanten, die Auftr\u00e4ge von Restek erhalten, sind zur Einhaltung unserer Allgemeinen Gesch\u00e4ftsbedingungen verpflichtet, inklusive der Einhaltung der Gesetze und Verpflichtungen zur Bek\u00e4mpfung von moderner Sklaverei und Menschenhandel.<\/li>\n\n\n\n<li>Restek f\u00fchrt in regelm\u00e4\u00dfigen Abst\u00e4nden Qualit\u00e4tspr\u00fcfungen bei wichtigen Lieferanten durch. Die Pr\u00fcfungen umfassen Interviews mit Mitarbeitern und mit der Gesch\u00e4ftsf\u00fchrung, Inspektionen von Produktionsanlagen und die Begutachtung von Dokumenten. Werden Probleme festgestellt, fordert Restek den Lieferanten auf, die Situation unverz\u00fcglich zu verbessern und zu bereinigen. Findet dies nicht zeitnah statt, wird die Gesch\u00e4ftsbeziehung \u00fcberpr\u00fcft und eventuell beendet.<\/li>\n\n\n\n<li>Restek f\u00fchrt eine j\u00e4hrliche Pr\u00fcfung und Risikobewertung des Beschaffungsprozesses und der aktuellen Lieferanten durch, um sicherzustellen, dass das Unternehmen nicht bei verd\u00e4chtigen Lieferanten oder in fragw\u00fcrdigen Regionen einkauft.<\/li>\n\n\n\n<li>Restek f\u00fchrt f\u00fcr alle Mitarbeiter weltweit entsprechende Schulungen durch, um sicherzustellen, dass sie die Risiken und Auswirkungen von Sklaverei und Menschenhandel in ihren eigenen Betrieben und denen ihrer Lieferanten erkennen und verstehen.<\/li>\n<\/ul>\n\n\n\n<p>Diese Erkl\u00e4rung wurde vom Vorstand der Restek Corporation genehmigt und der Vorstand hat Bill Arrowsmith (President &amp; CEO) befugt, sie im Namen des Unternehmens zu unterzeichnen.<\/p>\n\n\n\n<figure class=\"wp-block-image size-medium\"><img loading=\"lazy\" decoding=\"async\" width=\"300\" height=\"68\" src=\"https:\/\/discover.restek.com\/wp-content\/uploads\/\/signature-arrowsmith-bill-300x68.png\" alt=\"\" class=\"wp-image-28699\" title=\"-\" srcset=\"https:\/\/discover.restek.com\/wp-content\/uploads\/signature-arrowsmith-bill-300x68.png 300w, https:\/\/discover.restek.com\/wp-content\/uploads\/signature-arrowsmith-bill-1024x233.png 1024w, https:\/\/discover.restek.com\/wp-content\/uploads\/signature-arrowsmith-bill-768x175.png 768w, https:\/\/discover.restek.com\/wp-content\/uploads\/signature-arrowsmith-bill.png 1296w\" sizes=\"auto, (max-width: 300px) 100vw, 300px\" \/><\/figure>\n\n\n\n<p>Bill Arrowsmith<br>Pr\u00e4sident &amp; CEO<\/p>\n\n\n\n<p><\/p>\n","protected":false},"excerpt":{"rendered":"<p>Erkl\u00e4rung zur modernen Sklaverei Moderne Sklaverei umfasst alle Arten von Sklaverei, Leibeigenschaft, Zwangsarbeit und Menschenhandel. Restek ist sich dieser st\u00e4ndig zunehmenden Probleme bewusst und nimmt sie sehr ernst. Restek lehnt&#8230;<\/p>\n","protected":false},"author":5,"featured_media":0,"parent":0,"menu_order":0,"comment_status":"closed","ping_status":"closed","template":"","meta":{"_acf_changed":false,"_kad_blocks_custom_css":"","_kad_blocks_head_custom_js":"","_kad_blocks_body_custom_js":"","_kad_blocks_footer_custom_js":"","_kadence_starter_templates_imported_post":false,"_kad_post_transparent":"","_kad_post_title":"hide","_kad_post_layout":"","_kad_post_sidebar_id":"","_kad_post_content_style":"","_kad_post_vertical_padding":"","_kad_post_feature":"","_kad_post_feature_position":"","_kad_post_header":false,"_kad_post_footer":false,"footnotes":""},"class_list":["post-55417","page","type-page","status-publish","hentry"],"acf":[],"taxonomy_info":[],"featured_image_src_large":false,"author_info":{"display_name":"Brenda Cogan","author_link":"https:\/\/discover.restek.com\/de\/author\/brenda-coganrestek-com\/"},"comment_info":0,"_links":{"self":[{"href":"https:\/\/discover.restek.com\/de\/wp-json\/wp\/v2\/pages\/55417","targetHints":{"allow":["GET"]}}],"collection":[{"href":"https:\/\/discover.restek.com\/de\/wp-json\/wp\/v2\/pages"}],"about":[{"href":"https:\/\/discover.restek.com\/de\/wp-json\/wp\/v2\/types\/page"}],"author":[{"embeddable":true,"href":"https:\/\/discover.restek.com\/de\/wp-json\/wp\/v2\/users\/5"}],"replies":[{"embeddable":true,"href":"https:\/\/discover.restek.com\/de\/wp-json\/wp\/v2\/comments?post=55417"}],"version-history":[{"count":4,"href":"https:\/\/discover.restek.com\/de\/wp-json\/wp\/v2\/pages\/55417\/revisions"}],"predecessor-version":[{"id":77278,"href":"https:\/\/discover.restek.com\/de\/wp-json\/wp\/v2\/pages\/55417\/revisions\/77278"}],"wp:attachment":[{"href":"https:\/\/discover.restek.com\/de\/wp-json\/wp\/v2\/media?parent=55417"}],"curies":[{"name":"wp","href":"https:\/\/api.w.org\/{rel}","templated":true}]}}