{"id":94961,"date":"2025-07-15T13:40:06","date_gmt":"2025-07-15T13:40:06","guid":{"rendered":"https:\/\/discover.restek.com\/?page_id=94961"},"modified":"2026-05-13T15:26:23","modified_gmt":"2026-05-13T15:26:23","slug":"sobre-nosotros","status":"publish","type":"page","link":"https:\/\/discover.restek.com\/es\/sobre-nosotros\/","title":{"rendered":"Bienvenido a Restek"},"content":{"rendered":"\n<div class=\"wp-block-group\"><div class=\"wp-block-group__inner-container is-layout-constrained wp-block-group-is-layout-constrained\"><div class=\"wp-block-image standard-page-hero-banner\">\n<figure class=\"aligncenter size-large\"><img loading=\"lazy\" decoding=\"async\" width=\"1024\" height=\"191\" src=\"https:\/\/discover.restek.com\/wp-content\/uploads\/page-banner-about-us-image-1024x191.jpg\" alt=\"\" class=\"wp-image-61270\" title=\"-\" srcset=\"https:\/\/discover.restek.com\/wp-content\/uploads\/page-banner-about-us-image-1024x191.jpg 1024w, https:\/\/discover.restek.com\/wp-content\/uploads\/page-banner-about-us-image-300x56.jpg 300w, https:\/\/discover.restek.com\/wp-content\/uploads\/page-banner-about-us-image-768x143.jpg 768w, https:\/\/discover.restek.com\/wp-content\/uploads\/page-banner-about-us-image-1536x286.jpg 1536w, https:\/\/discover.restek.com\/wp-content\/uploads\/page-banner-about-us-image.jpg 1920w\" sizes=\"auto, (max-width: 1024px) 100vw, 1024px\" \/><\/figure>\n<\/div>\n\n<\/div><\/div>\n\n\n\n<h1 class=\"wp-block-heading\">Bienvenido a Restek<\/h1>\n\n\n\n<p>Fundada en 1985, somos un destacado desarrollador y fabricante de columnas de cromatograf\u00eda, productos de preparaci\u00f3n y recolecci\u00f3n de muestras, patrones de referencia y accesorios para instrumentos. Trabajamos con analistas de todo el mundo, proporcion\u00e1ndoles herramientas para controlar la calidad del aire, el agua, el suelo, los alimentos, los productos bot\u00e1nicos, los productos farmac\u00e9uticos y los productos qu\u00edmicos y petrol\u00edferos.<\/p>\n\n\n\n<p>Nos apasiona nuestra ciencia y la creaci\u00f3n de productos innovadores que hacen posible una gran cromatograf\u00eda. Estamos igualmente comprometidos a ofrecer un servicio al cliente excepcional que supere tus expectativas. Nuestro fundador lo denomin\u00f3 servicio &#8220;Plus 1&#8221;, un t\u00e9rmino que seguimos usando hoy en d\u00eda y que nos ayuda a cumplir nuestra misi\u00f3n de ser tu primera y mejor opci\u00f3n en cromatograf\u00eda.<\/p>\n\n\n\n<p>Restek es una empresa 100% employee-owned con una larga trayectoria y una s\u00f3lida cultura corporativa. Somos independientes, lo que significa que no estamos vinculados a una marca de instrumento espec\u00edfica. Tanto si tu cromat\u00f3grafo es un instrumento de probada fiabilidad como si es tu inversi\u00f3n m\u00e1s reciente, estamos listos para ayudarte a sacarle el m\u00e1ximo partido. Servimos a todos por igual y valoramos tu fidelidad cada vez que eliges Restek.<\/p>\n\n\n\n<p>Con&nbsp;<a href=\"https:\/\/www.restek.com\/pages\/restek-locations-facilities\" target=\"_blank\" rel=\"noopener\">oficinas en todo el mundo<\/a>, creemos que nuestras perspectivas \u00fanicas fortalecen nuestra organizaci\u00f3n, pero hay cosas que son iguales independientemente de d\u00f3nde vivas o de c\u00f3mo elijas relacionarte con Restek. Nos enorgullece ofrecer la mejor experiencia posible a cada analista con el que trabajamos. Dondequiera que est\u00e9s, estamos preparados para construir una colaboraci\u00f3n duradera contigo y con tu laboratorio, a trav\u00e9s de productos de la m\u00e1s alta calidad respaldados por formaci\u00f3n especializada y un servicio t\u00e9cnico superior.<\/p>\n\n\n\n<p>El trabajo de nuestros clientes contribuye a hacer del mundo un lugar m\u00e1s seguro y saludable, y estamos entusiasmados y agradecidos por la oportunidad de ayudarte a marcar la diferencia. Ponte en&nbsp;<a href=\"https:\/\/www.restek.com\/contact-us\" target=\"_blank\" rel=\"noopener\">contacto<\/a>&nbsp;con tu oficina o&nbsp;<a href=\"https:\/\/www.restek.com\/distributors-locator\" target=\"_blank\" rel=\"noopener\">distribuidor<\/a>&nbsp;local hoy mismo para saber c\u00f3mo.<\/p>\n\n\n\n<p>\u00bfYa has trabajado con nosotros? Te invitamos a&nbsp;<a href=\"https:\/\/www.restek.com\/registration\" target=\"_blank\" rel=\"noopener\">compartir<\/a>&nbsp;tu experiencia con Restek. Tu opini\u00f3n nos ayuda a seguir mejorando, y nos encantar\u00eda conocerla.<\/p>\n\n\n\n<p>Gracias por elegir Restek.<\/p>\n\n\n\n<p><\/p>\n","protected":false},"excerpt":{"rendered":"<p>Bienvenido a Restek Fundada en 1985, somos un destacado desarrollador y fabricante de columnas de cromatograf\u00eda, productos de preparaci\u00f3n y recolecci\u00f3n de muestras, patrones de referencia y accesorios para instrumentos&#8230;.<\/p>\n","protected":false},"author":62,"featured_media":0,"parent":0,"menu_order":0,"comment_status":"closed","ping_status":"closed","template":"","meta":{"_acf_changed":false,"_kad_blocks_custom_css":"","_kad_blocks_head_custom_js":"","_kad_blocks_body_custom_js":"","_kad_blocks_footer_custom_js":"","_kadence_starter_templates_imported_post":false,"_kad_post_transparent":"","_kad_post_title":"","_kad_post_layout":"","_kad_post_sidebar_id":"","_kad_post_content_style":"","_kad_post_vertical_padding":"","_kad_post_feature":"","_kad_post_feature_position":"","_kad_post_header":false,"_kad_post_footer":false,"footnotes":""},"class_list":["post-94961","page","type-page","status-publish","hentry"],"acf":[],"taxonomy_info":[],"featured_image_src_large":false,"author_info":{"display_name":"Virginie Bonnamy","author_link":"https:\/\/discover.restek.com\/es\/author\/virginie-bonnamy\/"},"comment_info":0,"_links":{"self":[{"href":"https:\/\/discover.restek.com\/es\/wp-json\/wp\/v2\/pages\/94961","targetHints":{"allow":["GET"]}}],"collection":[{"href":"https:\/\/discover.restek.com\/es\/wp-json\/wp\/v2\/pages"}],"about":[{"href":"https:\/\/discover.restek.com\/es\/wp-json\/wp\/v2\/types\/page"}],"author":[{"embeddable":true,"href":"https:\/\/discover.restek.com\/es\/wp-json\/wp\/v2\/users\/62"}],"replies":[{"embeddable":true,"href":"https:\/\/discover.restek.com\/es\/wp-json\/wp\/v2\/comments?post=94961"}],"version-history":[{"count":1,"href":"https:\/\/discover.restek.com\/es\/wp-json\/wp\/v2\/pages\/94961\/revisions"}],"predecessor-version":[{"id":94964,"href":"https:\/\/discover.restek.com\/es\/wp-json\/wp\/v2\/pages\/94961\/revisions\/94964"}],"wp:attachment":[{"href":"https:\/\/discover.restek.com\/es\/wp-json\/wp\/v2\/media?parent=94961"}],"curies":[{"name":"wp","href":"https:\/\/api.w.org\/{rel}","templated":true}]}}