{"id":95074,"date":"2025-07-16T23:07:54","date_gmt":"2025-07-16T23:07:54","guid":{"rendered":"https:\/\/discover.restek.com\/?page_id=95074"},"modified":"2026-05-15T13:21:14","modified_gmt":"2026-05-15T13:21:14","slug":"credenciales-de-calidad-iso","status":"publish","type":"page","link":"https:\/\/discover.restek.com\/es\/credenciales-de-calidad-iso\/","title":{"rendered":"Credenciales de Calidad ISO"},"content":{"rendered":"\n<div class=\"wp-block-group\"><div class=\"wp-block-group__inner-container is-layout-constrained wp-block-group-is-layout-constrained\"><div class=\"wp-block-image standard-page-hero-banner\">\n<figure class=\"aligncenter size-large\"><img loading=\"lazy\" decoding=\"async\" width=\"1024\" height=\"191\" src=\"https:\/\/discover.restek.com\/wp-content\/uploads\/page-banner-iso-quality-credentials-image-1024x191.jpg\" alt=\"\" class=\"wp-image-61282\" title=\"-\" srcset=\"https:\/\/discover.restek.com\/wp-content\/uploads\/page-banner-iso-quality-credentials-image-1024x191.jpg 1024w, https:\/\/discover.restek.com\/wp-content\/uploads\/page-banner-iso-quality-credentials-image-300x56.jpg 300w, https:\/\/discover.restek.com\/wp-content\/uploads\/page-banner-iso-quality-credentials-image-768x143.jpg 768w, https:\/\/discover.restek.com\/wp-content\/uploads\/page-banner-iso-quality-credentials-image-1536x286.jpg 1536w, https:\/\/discover.restek.com\/wp-content\/uploads\/page-banner-iso-quality-credentials-image.jpg 1920w\" sizes=\"auto, (max-width: 1024px) 100vw, 1024px\" \/><\/figure>\n<\/div>\n\n<\/div><\/div>\n\n\n\n<h1 class=\"wp-block-heading\">Credenciales de Calidad ISO<\/h1>\n\n\n\n<p>Los laboratorios de an\u00e1lisis de QC y de producci\u00f3n de patrones de referencia de\u00a0Restek\u00a0en\u00a0Bellefonte, PA (EE. UU.) cuentan con las acreditaciones ISO 17034 e ISO\/IEC 17025. Emitidas por la American\u00a0Association\u00a0for\u00a0Laboratory\u00a0Accreditation\u00a0(A2LA), estas acreditaciones, as\u00ed como la inscripci\u00f3n conforme a ISO 9001, mantenidas desde 1994, constituyen el reconocimiento del cumplimiento por parte de\u00a0Restek\u00a0y sus laboratorios de los est\u00e1ndares de calidad establecidos por la Organizaci\u00f3n Internacional de Normalizaci\u00f3n (ISO).\u00a0<\/p>\n\n\n\n<p>Tanto si necesitas utilizar materiales de referencia certificados (CRM) procedentes de un laboratorio acreditado como si no, puedes encontrar tus patrones de referencia de origen primario o secundario en\u00a0Restek\u00a0y beneficiarte de la excelente calidad del producto y del servicio de atenci\u00f3n al cliente necesarios para cumplir con las estrictas directrices de la ISO. Adem\u00e1s de una amplia gama de productos en stock listos para su env\u00edo, las soluciones personalizadas de\u00a0Restek\u00a0tambi\u00e9n est\u00e1n incluidas en sus propias acreditaciones ISO. \u00a1Satisface todas tus necesidades en materia de materiales de referencia certificados y pide columnas LC y GC, materiales para la preparaci\u00f3n de muestras y accesorios, contando con un \u00fanico proveedor de confianza!\u00a0<\/p>\n\n\n\n<p>Obt\u00e9n m\u00e1s informaci\u00f3n sobre las credenciales ISO de\u00a0Restek\u00a0a continuaci\u00f3n y consulta los certificados (incluidos los \u00e1mbitos de acreditaci\u00f3n). Si tienes alguna pregunta, contacta con nosotros en el\u00a0912972259. Para saber m\u00e1s sobre los patrones de referencia\u00a0Restek, visita la p\u00e1gina\u00a0<a href=\"https:\/\/www.restek.com\/articles\/restek-reference-standards\/\" target=\"_blank\" rel=\"noopener\">www.restek.com\/standards<\/a>.<\/p>\n\n\n\n<h2 class=\"wp-block-heading\">ISO 9001:2015<\/h2>\n\n\n\n<p>ISO 9001 es una norma de reconocimiento internacional para la gesti\u00f3n general de la calidad que establece controles sistem\u00e1ticos para garantizar que los productos y servicios satisfagan de forma constante las necesidades y expectativas de los clientes. Para cumplir con las directrices de ISO 9001, las empresas deben implementar procedimientos escritos normalizados (SOPs) y producir documentaci\u00f3n completamente trazable de los productos desde el momento de su fabricaci\u00f3n hasta la distribuci\u00f3n.\u00a0Restek\u00a0ha aplicado adem\u00e1s la norma ISO 9001 creando sistemas de retroalimentaci\u00f3n y servicio de atenci\u00f3n al cliente, as\u00ed como para la gesti\u00f3n de acciones correctivas y preventivas.\u00a0<\/p>\n\n\n\n<div data-wp-interactive=\"core\/file\" class=\"wp-block-file\"><object data-wp-bind--hidden=\"!state.hasPdfPreview\" hidden class=\"wp-block-file__embed\" data=\"https:\/\/discover.restek.com\/wp-content\/uploads\/iso-certificate-9001-2015.pdf\" type=\"application\/pdf\" style=\"width:100%;height:600px\" aria-label=\"Embed of iso-certificate-9001-2015.\"><\/object><a id=\"wp-block-file--media-a8c72000-872d-47e9-bb06-1ca363cb4f65\" href=\"https:\/\/discover.restek.com\/wp-content\/uploads\/iso-certificate-9001-2015.pdf\">iso-certificate-9001-2015<\/a><a href=\"https:\/\/discover.restek.com\/wp-content\/uploads\/iso-certificate-9001-2015.pdf\" class=\"wp-block-file__button wp-element-button\" aria-describedby=\"wp-block-file--media-a8c72000-872d-47e9-bb06-1ca363cb4f65\" download>Descarga<\/a><\/div>\n\n\n\n<h2 class=\"wp-block-heading\">ISO\/IEC 17025:2017<\/h2>\n\n\n\n<p>ISO\/IEC 17025 se aplica de forma general a cualquier laboratorio de ensayo o calibraci\u00f3n. Para obtener y mantener la acreditaci\u00f3n, el laboratorio de patrones de referencia de\u00a0Restek\u00a0debe demostrar que sus procedimientos de ensayo anal\u00edtico proporcionan resultados coherentes y v\u00e1lidos, y garantizar la m\u00e1xima calidad posible, desde la pureza de las materias\u00a0primas hasta el producto final. Asimismo, debe contar con sistemas para la mejora continua de los procedimientos de ensayo basados tanto en los comentarios de los clientes como en los de los empleados.\u00a0Restek\u00a0ha demostrado su competencia t\u00e9cnica y ha obtenido la acreditaci\u00f3n ISO\/IEC 17025 generando de forma reiterada y fiable resultados de ensayo excepcionales.\u00a0<\/p>\n\n\n\n<div data-wp-interactive=\"core\/file\" class=\"wp-block-file\"><object data-wp-bind--hidden=\"!state.hasPdfPreview\" hidden class=\"wp-block-file__embed\" data=\"https:\/\/discover.restek.com\/wp-content\/uploads\/3222-02-ISO-IEC-17025-2017-Scope-of-Accreditation-Jan-2026.pdf\" type=\"application\/pdf\" style=\"width:100%;height:600px\" aria-label=\"Embed of 3222-02-ISO-IEC-17025-2017-Scope-of-Accreditation-Jan-2026.\"><\/object><a id=\"wp-block-file--media-21b3100e-8f83-4e30-9712-8c5231a25e64\" href=\"https:\/\/discover.restek.com\/wp-content\/uploads\/3222-02-ISO-IEC-17025-2017-Scope-of-Accreditation-Jan-2026.pdf\">3222-02-ISO-IEC-17025-2017-Scope-of-Accreditation-Jan-2026<\/a><a href=\"https:\/\/discover.restek.com\/wp-content\/uploads\/3222-02-ISO-IEC-17025-2017-Scope-of-Accreditation-Jan-2026.pdf\" class=\"wp-block-file__button wp-element-button\" aria-describedby=\"wp-block-file--media-21b3100e-8f83-4e30-9712-8c5231a25e64\" download>Descarga<\/a><\/div>\n\n\n\n<h2 class=\"wp-block-heading\">ISO 17034:2016<\/h2>\n\n\n\n<p>ISO 17034 cubre espec\u00edficamente a los productores de patrones de referencia y se ocupa no solo de los sistemas de calidad utilizados durante la fabricaci\u00f3n, sino tambi\u00e9n de la determinaci\u00f3n de los niveles de incertidumbre asociados a todos los valores indicados en el certificado de un patr\u00f3n.\u00a0Restek\u00a0llev\u00f3 a cabo extensos estudios sobre las incertidumbres gravim\u00e9tricas, de homogeneidad entre ampollas, de estabilidad en almacenamiento y de estabilidad durante el env\u00edo. Adem\u00e1s, para todos los patrones de referencia que produce, el laboratorio de\u00a0Restek\u00a0indica una incertidumbre combinada que abarca la fabricaci\u00f3n, el ensayo, el almacenamiento y el env\u00edo, lo que permite que la acreditaci\u00f3n cubra tanto las soluciones en stock como las formuladas a medida.\u00a0Restek\u00a0ha demostrado su compromiso de ofrecer a sus clientes materiales de referencia certificados de calidad superior al obtener la acreditaci\u00f3n ISO 17034 que, combinada con la inscripci\u00f3n a ISO 9001 y la acreditaci\u00f3n ISO\/IEC 17025, simboliza el m\u00e1ximo nivel de excelencia posible para un proveedor de patrones de referencia.\u00a0<\/p>\n\n\n\n<div data-wp-interactive=\"core\/file\" class=\"wp-block-file\"><object data-wp-bind--hidden=\"!state.hasPdfPreview\" hidden class=\"wp-block-file__embed\" data=\"https:\/\/discover.restek.com\/wp-content\/uploads\/3222-01-17034-2016-Scope-of-Accreditation-Jan-2026-1.pdf\" type=\"application\/pdf\" style=\"width:100%;height:600px\" aria-label=\"Embed of 3222-01-17034-2016-Scope-of-Accreditation-Jan-2026-1.\"><\/object><a id=\"wp-block-file--media-a67125a6-9905-4eb8-90e5-d27d2f6a9995\" href=\"https:\/\/discover.restek.com\/wp-content\/uploads\/3222-01-17034-2016-Scope-of-Accreditation-Jan-2026-1.pdf\">3222-01-17034-2016-Scope-of-Accreditation-Jan-2026-1<\/a><a href=\"https:\/\/discover.restek.com\/wp-content\/uploads\/3222-01-17034-2016-Scope-of-Accreditation-Jan-2026-1.pdf\" class=\"wp-block-file__button wp-element-button\" aria-describedby=\"wp-block-file--media-a67125a6-9905-4eb8-90e5-d27d2f6a9995\" download>Descarga<\/a><\/div>\n\n\n\n<p><\/p>\n\n\n\n<p><a href=\"https:\/\/discover.restek.com\/articles\/gnbr1845\/restek-reference-standards\" data-type=\"link\" data-id=\"https:\/\/discover.restek.com\/en\/articles\/gnbr1845\/restek-reference-standards\">Learn more about Restek reference standards<\/a><\/p>\n\n\n\n<p><\/p>\n","protected":false},"excerpt":{"rendered":"<p>Credenciales de Calidad ISO Los laboratorios de an\u00e1lisis de QC y de producci\u00f3n de patrones de referencia de\u00a0Restek\u00a0en\u00a0Bellefonte, PA (EE. UU.) cuentan con las acreditaciones ISO 17034 e ISO\/IEC 17025&#8230;.<\/p>\n","protected":false},"author":62,"featured_media":0,"parent":0,"menu_order":0,"comment_status":"closed","ping_status":"closed","template":"","meta":{"_acf_changed":false,"_kad_blocks_custom_css":"","_kad_blocks_head_custom_js":"","_kad_blocks_body_custom_js":"","_kad_blocks_footer_custom_js":"","_kadence_starter_templates_imported_post":false,"_kad_post_transparent":"","_kad_post_title":"","_kad_post_layout":"","_kad_post_sidebar_id":"","_kad_post_content_style":"","_kad_post_vertical_padding":"","_kad_post_feature":"","_kad_post_feature_position":"","_kad_post_header":false,"_kad_post_footer":false,"footnotes":""},"class_list":["post-95074","page","type-page","status-publish","hentry"],"acf":[],"taxonomy_info":[],"featured_image_src_large":false,"author_info":{"display_name":"Virginie Bonnamy","author_link":"https:\/\/discover.restek.com\/es\/author\/virginie-bonnamy\/"},"comment_info":0,"_links":{"self":[{"href":"https:\/\/discover.restek.com\/es\/wp-json\/wp\/v2\/pages\/95074","targetHints":{"allow":["GET"]}}],"collection":[{"href":"https:\/\/discover.restek.com\/es\/wp-json\/wp\/v2\/pages"}],"about":[{"href":"https:\/\/discover.restek.com\/es\/wp-json\/wp\/v2\/types\/page"}],"author":[{"embeddable":true,"href":"https:\/\/discover.restek.com\/es\/wp-json\/wp\/v2\/users\/62"}],"replies":[{"embeddable":true,"href":"https:\/\/discover.restek.com\/es\/wp-json\/wp\/v2\/comments?post=95074"}],"version-history":[{"count":2,"href":"https:\/\/discover.restek.com\/es\/wp-json\/wp\/v2\/pages\/95074\/revisions"}],"predecessor-version":[{"id":95078,"href":"https:\/\/discover.restek.com\/es\/wp-json\/wp\/v2\/pages\/95074\/revisions\/95078"}],"wp:attachment":[{"href":"https:\/\/discover.restek.com\/es\/wp-json\/wp\/v2\/media?parent=95074"}],"curies":[{"name":"wp","href":"https:\/\/api.w.org\/{rel}","templated":true}]}}