{"id":95081,"date":"2024-12-06T16:51:00","date_gmt":"2024-12-06T16:51:00","guid":{"rendered":"https:\/\/discover.restek.com\/?page_id=95081"},"modified":"2026-05-15T13:33:02","modified_gmt":"2026-05-15T13:33:02","slug":"patentes-y-marcas-comerciales","status":"publish","type":"page","link":"https:\/\/discover.restek.com\/es\/patentes-y-marcas-comerciales\/","title":{"rendered":"Patentes y Marcas Comerciales\u00a0"},"content":{"rendered":"\n<h1 class=\"wp-block-heading\">Patentes y Marcas Comerciales<\/h1>\n\n\n\n<p>Las siguientes patentes y marcas comerciales son propiedad de Restek Corporation. Las dem\u00e1s marcas comerciales que aparecen en la documentaci\u00f3n de Restek\u00ae o en su sitio web son propiedad de sus respectivos titulares. Las marcas comerciales registradas de Restek\u00ae est\u00e1n registradas en EE. UU. y pueden estar registradas tambi\u00e9n en otros pa\u00edses.<\/p>\n\n\n\n<h2 class=\"wp-block-heading\">Patentes<\/h2>\n\n\n\n<p>Los siguientes productos y\/o procesos de\u00a0Restek\u00ae, identificados por su marca comercial, est\u00e1n protegidos por la legislaci\u00f3n en materia de patentes o cubiertos por solicitudes de patente pendientes.\u00a0<\/p>\n\n\n\n<p>Dual Vespel\u00ae&nbsp;Ring Inlet Seals<br>SeCure\u00ae&nbsp;Y<\/p>\n\n\n\n<h2 class=\"wp-block-heading\">Marcas Comerciales<\/h2>\n\n\n\n<div class=\"wp-block-columns is-layout-flex wp-container-core-columns-is-layout-9d6595d7 wp-block-columns-is-layout-flex\">\n<div class=\"wp-block-column is-layout-flow wp-block-column-is-layout-flow\">\n<figure class=\"wp-block-table\"><table class=\"has-fixed-layout\" style=\"border-style:none;border-width:0px\"><tbody><tr><td>Accelerator\u2122<br>Allure<sup>\u00ae<\/sup><br>Aura\u2122<br>Alumaseal<sup>\u00ae<\/sup><br>CarboFrit<sup>\u00ae<\/sup><br>CarboPrep<sup>\u00ae<\/sup><br>Crossbond<sup>\u00ae<\/sup><br>Cyclosplitter\u2122<br>DiatoSorb<sup>\u00ae<\/sup><br><em>EZ<\/em>GC<sup>\u00ae<\/sup><br>EZ No-Vent<sup>\u00ae<\/sup><br>EZ Twist Top<sup>\u00ae<\/sup><br>Flip Seal<sup>\u00ae<\/sup><br>Force\u2122<br>Hydroguard<sup>\u00ae<\/sup><br>Integra-Gap<sup>\u00ae<\/sup><br>Integra-Guard<sup>\u00ae<\/sup> <br>Integra-Transfer\u2122 <br>MegaMix<sup>\u00ae<\/sup><\/td><\/tr><\/tbody><\/table><\/figure>\n<\/div>\n\n\n\n<div class=\"wp-block-column is-layout-flow wp-block-column-is-layout-flow\">\n<figure class=\"wp-block-table\"><table class=\"has-fixed-layout\" style=\"border-style:none;border-width:0px\"><tbody><tr><td>MXT<sup>\u00ae<\/sup><br>Pinnacle<sup>\u00ae<\/sup><br>Precision<sup>\u00ae<\/sup><br>Press-Tight<sup>\u00ae<\/sup><br>Pro&nbsp;<em>EZ<\/em>GC<sup>\u00ae<\/sup><br>Pro&nbsp;<em>EZ<\/em>LC<sup>\u00ae<\/sup><br>Q-sep<sup>\u00ae<\/sup><br>Raptor<sup>\u00ae<\/sup><br>RAVE\u2122<br>RAVEn\u2122<br>RAVE+\u2122<br>Resprep<sup>\u00ae<\/sup><br>Res-Sil<sup>\u00ae<\/sup><br>Restek<sup>\u00ae<\/sup><br>Revive<sup>\u00ae<\/sup><br>REZIN\u2122<br>RMX\u2122 <br>Roc<sup>\u00ae<\/sup><br>Rt<sup>\u00ae<\/sup><br><\/td><\/tr><\/tbody><\/table><\/figure>\n<\/div>\n\n\n\n<div class=\"wp-block-column is-layout-flow wp-block-column-is-layout-flow\">\n<figure class=\"wp-block-table\"><table class=\"has-fixed-layout\" style=\"border-style:none;border-width:0px\"><tbody><tr><td>Rtx<sup>\u00ae<\/sup><br>Rxi<sup>\u00ae<\/sup><br>SeCure<sup>\u00ae<\/sup><br>SilcoCan<sup>\u00ae<\/sup><br>Silcoport<sup>\u00ae<\/sup><br>SilcoSmooth<sup>\u00ae<\/sup><br>Stabilwax<sup>\u00ae<\/sup><br>Stx<sup>\u00ae<\/sup><br>Thermolite<sup>\u00ae<\/sup><br>TO-Can<sup>\u00ae<\/sup><br>Topaz<sup>\u00ae<\/sup> <br>TriMax\u2122 <br>Turning Visions into Reality<sup>\u00ae<\/sup><br>Ultra Selective Liquid Chromatography\u2122<br>Uniliner<sup>\u00ae<\/sup><br>USLC<sup>\u00ae<\/sup><br>Vu2 Union<sup>\u00ae<\/sup><br>XTI<sup>\u00ae<\/sup><\/td><\/tr><\/tbody><\/table><\/figure>\n<\/div>\n<\/div>\n","protected":false},"excerpt":{"rendered":"<p>Patentes y Marcas Comerciales Las siguientes patentes y marcas comerciales son propiedad de Restek Corporation. Las dem\u00e1s marcas comerciales que aparecen en la documentaci\u00f3n de Restek\u00ae o en su sitio&#8230;<\/p>\n","protected":false},"author":62,"featured_media":0,"parent":0,"menu_order":0,"comment_status":"closed","ping_status":"closed","template":"","meta":{"_acf_changed":false,"_kad_blocks_custom_css":"","_kad_blocks_head_custom_js":"","_kad_blocks_body_custom_js":"","_kad_blocks_footer_custom_js":"","_kadence_starter_templates_imported_post":false,"_kad_post_transparent":"","_kad_post_title":"","_kad_post_layout":"","_kad_post_sidebar_id":"","_kad_post_content_style":"","_kad_post_vertical_padding":"","_kad_post_feature":"","_kad_post_feature_position":"","_kad_post_header":false,"_kad_post_footer":false,"footnotes":""},"class_list":["post-95081","page","type-page","status-publish","hentry"],"acf":[],"taxonomy_info":[],"featured_image_src_large":false,"author_info":{"display_name":"Virginie Bonnamy","author_link":"https:\/\/discover.restek.com\/es\/author\/virginie-bonnamy\/"},"comment_info":0,"_links":{"self":[{"href":"https:\/\/discover.restek.com\/es\/wp-json\/wp\/v2\/pages\/95081","targetHints":{"allow":["GET"]}}],"collection":[{"href":"https:\/\/discover.restek.com\/es\/wp-json\/wp\/v2\/pages"}],"about":[{"href":"https:\/\/discover.restek.com\/es\/wp-json\/wp\/v2\/types\/page"}],"author":[{"embeddable":true,"href":"https:\/\/discover.restek.com\/es\/wp-json\/wp\/v2\/users\/62"}],"replies":[{"embeddable":true,"href":"https:\/\/discover.restek.com\/es\/wp-json\/wp\/v2\/comments?post=95081"}],"version-history":[{"count":1,"href":"https:\/\/discover.restek.com\/es\/wp-json\/wp\/v2\/pages\/95081\/revisions"}],"predecessor-version":[{"id":95082,"href":"https:\/\/discover.restek.com\/es\/wp-json\/wp\/v2\/pages\/95081\/revisions\/95082"}],"wp:attachment":[{"href":"https:\/\/discover.restek.com\/es\/wp-json\/wp\/v2\/media?parent=95081"}],"curies":[{"name":"wp","href":"https:\/\/api.w.org\/{rel}","templated":true}]}}