{"id":95085,"date":"2025-07-18T13:33:25","date_gmt":"2025-07-18T13:33:25","guid":{"rendered":"https:\/\/discover.restek.com\/?page_id=95085"},"modified":"2026-05-15T14:25:18","modified_gmt":"2026-05-15T14:25:18","slug":"formularios-de-solicitud-de-productos-personalizados","status":"publish","type":"page","link":"https:\/\/discover.restek.com\/es\/formularios-de-solicitud-de-productos-personalizados\/","title":{"rendered":"Formularios de Solicitud de Productos Personalizados"},"content":{"rendered":"\n<div class=\"wp-block-group\"><div class=\"wp-block-group__inner-container is-layout-constrained wp-block-group-is-layout-constrained\"><div class=\"wp-block-image standard-page-hero-banner\">\n<figure class=\"aligncenter size-large\"><img loading=\"lazy\" decoding=\"async\" width=\"1024\" height=\"213\" src=\"https:\/\/discover.restek.com\/wp-content\/uploads\/\/header-article-custom-product-request-forms-1-1024x213.jpg\" alt=\"\" class=\"wp-image-62692\" title=\"-\" srcset=\"https:\/\/discover.restek.com\/wp-content\/uploads\/header-article-custom-product-request-forms-1-1024x213.jpg 1024w, https:\/\/discover.restek.com\/wp-content\/uploads\/header-article-custom-product-request-forms-1-300x63.jpg 300w, https:\/\/discover.restek.com\/wp-content\/uploads\/header-article-custom-product-request-forms-1-768x160.jpg 768w, https:\/\/discover.restek.com\/wp-content\/uploads\/header-article-custom-product-request-forms-1-1536x320.jpg 1536w, https:\/\/discover.restek.com\/wp-content\/uploads\/header-article-custom-product-request-forms-1-2048x427.jpg 2048w\" sizes=\"auto, (max-width: 1024px) 100vw, 1024px\" \/><\/figure>\n<\/div>\n\n<\/div><\/div>\n\n\n\n<h1 class=\"wp-block-heading\">Formularios de Solicitud de Productos Personalizados<\/h1>\n\n\n\n<p>Si el producto que necesitas no est\u00e1 en nuestro cat\u00e1logo en l\u00ednea, puedes solicitar un pedido personalizado de patrones de referencia, columnas GC empaquetadas o microempaquetadas, patrones de calibraci\u00f3n de gases y reguladores de gas de pureza ultraelevada.<\/p>\n\n\n\n<p>Selecciona tu producto a continuaci\u00f3n y completa el formulario para enviar tu solicitud de producto personalizado a nuestros especialistas para su evaluaci\u00f3n y cotizaci\u00f3n.<\/p>\n\n\n\n<div class=\"wp-block-columns is-layout-flex wp-container-core-columns-is-layout-9d6595d7 wp-block-columns-is-layout-flex\">\n<div class=\"wp-block-column is-layout-flow wp-block-column-is-layout-flow\"><style>.kt-sc95085_81ae2b-af .kt-sc-imgcol, .kt-sc95085_81ae2b-af .kt-sc-textcol{min-height:450px;}.kt-sc95085_81ae2b-af .kt-sc-textcol{padding-top:24px;padding-right:24px;padding-bottom:24px;padding-left:24px;margin-top:0px;margin-right:0px;margin-bottom:0px;margin-left:0px;}@media all and (max-width: 767px){.kt-sc95085_81ae2b-af .kt-sc-imgcol, .kt-sc95085_81ae2b-af .kt-sc-textcol{min-height:450px;}}<\/style>\n<div class=\"aligncenter kt-sc95085_81ae2b-af wp-block-kadence-splitcontent\"><div class=\"kt-split-content-wrap kt-sc-media-side-left\" style=\"grid-template-columns:50% auto\"><div class=\"kt-sc-imgcol kt-sc-imgcol-bg-auto kt-sc-img-side-left\"><figure class=\"kt-split-content-media-image wp-image-container-18160\"><img loading=\"lazy\" decoding=\"async\" src=\"https:\/\/discover.restek.com\/wp-content\/uploads\/custom-product-request-form-ref-stds-icon.svg\" alt=\"\" width=\"56\" height=\"59\" class=\"kt-split-content-img wp-image-18160\" title=\"-\"><\/figure><\/div><div class=\"kt-sc-textcol kt-sc-text-valign-center kt-sc-text-halign-center\"><div class=\"kt-sc-innter-col\"><style>.wp-block-kadence-advancedheading.kt-adv-heading95085_48f98a-1f, .wp-block-kadence-advancedheading.kt-adv-heading95085_48f98a-1f[data-kb-block=\"kb-adv-heading95085_48f98a-1f\"]{font-style:normal;}.wp-block-kadence-advancedheading.kt-adv-heading95085_48f98a-1f mark.kt-highlight, .wp-block-kadence-advancedheading.kt-adv-heading95085_48f98a-1f[data-kb-block=\"kb-adv-heading95085_48f98a-1f\"] mark.kt-highlight{font-style:normal;color:#f76a0c;-webkit-box-decoration-break:clone;box-decoration-break:clone;padding-top:0px;padding-right:0px;padding-bottom:0px;padding-left:0px;}.wp-block-kadence-advancedheading.kt-adv-heading95085_48f98a-1f img.kb-inline-image, .wp-block-kadence-advancedheading.kt-adv-heading95085_48f98a-1f[data-kb-block=\"kb-adv-heading95085_48f98a-1f\"] img.kb-inline-image{width:150px;vertical-align:baseline;}<\/style>\n<h3 class=\"kt-adv-heading95085_48f98a-1f wp-block-kadence-advancedheading\" data-kb-block=\"kb-adv-heading95085_48f98a-1f\"><a href=\"https:\/\/www.restek.com\/custom-reference-standard-request-form\" target=\"_blank\" rel=\"noopener\">Patrones de Referencia<\/a><\/h3>\n\n\n\n<p><a href=\"https:\/\/www.restek.com\/custom-reference-standard-request-form\" target=\"_blank\" rel=\"noopener\">Simplifica tus flujos de trabajo con nuestros patrones de referencia personalizados. <\/a><\/p>\n<\/div><\/div><\/div><\/div>\n\n\n<style>.kt-sc95085_afcfa0-d8 .kt-sc-imgcol, .kt-sc95085_afcfa0-d8 .kt-sc-textcol{min-height:450px;}.kt-sc95085_afcfa0-d8 .kt-sc-textcol{padding-top:24px;padding-right:24px;padding-bottom:24px;padding-left:24px;margin-top:0px;margin-right:0px;margin-bottom:0px;margin-left:0px;}@media all and (max-width: 767px){.kt-sc95085_afcfa0-d8 .kt-sc-imgcol, .kt-sc95085_afcfa0-d8 .kt-sc-textcol{min-height:450px;}}<\/style>\n<div class=\"aligncenter kt-sc95085_afcfa0-d8 wp-block-kadence-splitcontent\"><div class=\"kt-split-content-wrap kt-sc-media-side-left\" style=\"grid-template-columns:50% auto\"><div class=\"kt-sc-imgcol kt-sc-imgcol-bg-auto kt-sc-img-side-left\"><figure class=\"kt-split-content-media-image wp-image-container-18148\"><img loading=\"lazy\" decoding=\"async\" src=\"https:\/\/discover.restek.com\/wp-content\/uploads\/custom-product-request-form-packed-gas-icon.svg\" alt=\"\" width=\"56\" height=\"59\" class=\"kt-split-content-img wp-image-18148\" title=\"-\"><\/figure><\/div><div class=\"kt-sc-textcol kt-sc-text-valign-center kt-sc-text-halign-center\"><div class=\"kt-sc-innter-col\"><style>.wp-block-kadence-advancedheading.kt-adv-heading95085_fb7a5e-c0, .wp-block-kadence-advancedheading.kt-adv-heading95085_fb7a5e-c0[data-kb-block=\"kb-adv-heading95085_fb7a5e-c0\"]{font-style:normal;}.wp-block-kadence-advancedheading.kt-adv-heading95085_fb7a5e-c0 mark.kt-highlight, .wp-block-kadence-advancedheading.kt-adv-heading95085_fb7a5e-c0[data-kb-block=\"kb-adv-heading95085_fb7a5e-c0\"] mark.kt-highlight{font-style:normal;color:#f76a0c;-webkit-box-decoration-break:clone;box-decoration-break:clone;padding-top:0px;padding-right:0px;padding-bottom:0px;padding-left:0px;}.wp-block-kadence-advancedheading.kt-adv-heading95085_fb7a5e-c0 img.kb-inline-image, .wp-block-kadence-advancedheading.kt-adv-heading95085_fb7a5e-c0[data-kb-block=\"kb-adv-heading95085_fb7a5e-c0\"] img.kb-inline-image{width:150px;vertical-align:baseline;}<\/style>\n<h3 class=\"kt-adv-heading95085_fb7a5e-c0 wp-block-kadence-advancedheading\" data-kb-block=\"kb-adv-heading95085_fb7a5e-c0\"><a href=\"https:\/\/forms.restek.com\/220966034742052\" target=\"_blank\" rel=\"noopener\">Patrones de Calibraci\u00f3n Gaseosos <\/a><\/h3>\n\n\n\n<p><a href=\"https:\/\/forms.restek.com\/220966034742052\" target=\"_blank\" rel=\"noopener\">Env\u00eda una solicitud para un patr\u00f3n de calibraci\u00f3n gaseoso personalizado. <\/a><\/p>\n<\/div><\/div><\/div><\/div>\n<\/div>\n\n\n\n<div class=\"wp-block-column is-layout-flow wp-block-column-is-layout-flow\"><style>.kt-sc95085_30fb7c-74 .kt-sc-imgcol, .kt-sc95085_30fb7c-74 .kt-sc-textcol{min-height:450px;}.kt-sc95085_30fb7c-74 .kt-sc-textcol{padding-top:24px;padding-right:24px;padding-bottom:24px;padding-left:24px;margin-top:0px;margin-right:0px;margin-bottom:0px;margin-left:0px;}@media all and (max-width: 767px){.kt-sc95085_30fb7c-74 .kt-sc-imgcol, .kt-sc95085_30fb7c-74 .kt-sc-textcol{min-height:450px;}}<\/style>\n<div class=\"aligncenter kt-sc95085_30fb7c-74 wp-block-kadence-splitcontent\"><div class=\"kt-split-content-wrap kt-sc-media-side-left\" style=\"grid-template-columns:50% auto\"><div class=\"kt-sc-imgcol kt-sc-imgcol-bg-auto kt-sc-img-side-left\"><figure class=\"kt-split-content-media-image wp-image-container-18142\"><img loading=\"lazy\" decoding=\"async\" src=\"https:\/\/discover.restek.com\/wp-content\/uploads\/custom-product-request-form-packed-col-icon.svg\" alt=\"\" width=\"56\" height=\"59\" class=\"kt-split-content-img wp-image-18142\" title=\"-\"><\/figure><\/div><div class=\"kt-sc-textcol kt-sc-text-valign-center kt-sc-text-halign-center\"><div class=\"kt-sc-innter-col\"><style>.wp-block-kadence-advancedheading.kt-adv-heading95085_6ff034-dd, .wp-block-kadence-advancedheading.kt-adv-heading95085_6ff034-dd[data-kb-block=\"kb-adv-heading95085_6ff034-dd\"]{font-style:normal;}.wp-block-kadence-advancedheading.kt-adv-heading95085_6ff034-dd mark.kt-highlight, .wp-block-kadence-advancedheading.kt-adv-heading95085_6ff034-dd[data-kb-block=\"kb-adv-heading95085_6ff034-dd\"] mark.kt-highlight{font-style:normal;color:#f76a0c;-webkit-box-decoration-break:clone;box-decoration-break:clone;padding-top:0px;padding-right:0px;padding-bottom:0px;padding-left:0px;}.wp-block-kadence-advancedheading.kt-adv-heading95085_6ff034-dd img.kb-inline-image, .wp-block-kadence-advancedheading.kt-adv-heading95085_6ff034-dd[data-kb-block=\"kb-adv-heading95085_6ff034-dd\"] img.kb-inline-image{width:150px;vertical-align:baseline;}<\/style>\n<h3 class=\"kt-adv-heading95085_6ff034-dd wp-block-kadence-advancedheading\" data-kb-block=\"kb-adv-heading95085_6ff034-dd\"><a href=\"https:\/\/forms.restek.com\/231444511647958\" target=\"_blank\" rel=\"noopener\">Columnas Empaquetadas\/Microempaquetadas <\/a><\/h3>\n\n\n\n<p><a href=\"https:\/\/forms.restek.com\/231444511647958\" target=\"_blank\" rel=\"noopener\">Solicita una columna empaquetada o microempaquetada personalizada. <\/a><\/p>\n<\/div><\/div><\/div><\/div>\n\n\n<style>.kt-sc95085_cab9c5-4e .kt-sc-imgcol, .kt-sc95085_cab9c5-4e .kt-sc-textcol{min-height:450px;}.kt-sc95085_cab9c5-4e .kt-sc-textcol{padding-top:24px;padding-right:24px;padding-bottom:24px;padding-left:24px;margin-top:0px;margin-right:0px;margin-bottom:0px;margin-left:0px;}@media all and (max-width: 767px){.kt-sc95085_cab9c5-4e .kt-sc-imgcol, .kt-sc95085_cab9c5-4e .kt-sc-textcol{min-height:450px;}}<\/style>\n<div class=\"aligncenter kt-sc95085_cab9c5-4e wp-block-kadence-splitcontent\"><div class=\"kt-split-content-wrap kt-sc-media-side-left\" style=\"grid-template-columns:50% auto\"><div class=\"kt-sc-imgcol kt-sc-imgcol-bg-auto kt-sc-img-side-left\"><figure class=\"kt-split-content-media-image wp-image-container-18154\"><img loading=\"lazy\" decoding=\"async\" src=\"https:\/\/discover.restek.com\/wp-content\/uploads\/custom-product-request-form-packed-regulator-icon.svg\" alt=\"\" width=\"56\" height=\"59\" class=\"kt-split-content-img wp-image-18154\" title=\"-\"><\/figure><\/div><div class=\"kt-sc-textcol kt-sc-text-valign-center kt-sc-text-halign-center\"><div class=\"kt-sc-innter-col\"><style>.wp-block-kadence-advancedheading.kt-adv-heading95085_43a77c-4a, .wp-block-kadence-advancedheading.kt-adv-heading95085_43a77c-4a[data-kb-block=\"kb-adv-heading95085_43a77c-4a\"]{font-style:normal;}.wp-block-kadence-advancedheading.kt-adv-heading95085_43a77c-4a mark.kt-highlight, .wp-block-kadence-advancedheading.kt-adv-heading95085_43a77c-4a[data-kb-block=\"kb-adv-heading95085_43a77c-4a\"] mark.kt-highlight{font-style:normal;color:#f76a0c;-webkit-box-decoration-break:clone;box-decoration-break:clone;padding-top:0px;padding-right:0px;padding-bottom:0px;padding-left:0px;}.wp-block-kadence-advancedheading.kt-adv-heading95085_43a77c-4a img.kb-inline-image, .wp-block-kadence-advancedheading.kt-adv-heading95085_43a77c-4a[data-kb-block=\"kb-adv-heading95085_43a77c-4a\"] img.kb-inline-image{width:150px;vertical-align:baseline;}<\/style>\n<h3 class=\"kt-adv-heading95085_43a77c-4a wp-block-kadence-advancedheading\" data-kb-block=\"kb-adv-heading95085_43a77c-4a\"><a href=\"https:\/\/forms.restek.com\/223205147122947\" target=\"_blank\" rel=\"noopener\">Reguladores de Gas de Pureza Ultraelevada<\/a><\/h3>\n\n\n\n<p><a href=\"https:\/\/forms.restek.com\/223205147122947\" target=\"_blank\" rel=\"noopener\">Reguladores monof\u00e1sicos, bif\u00e1sicos y en l\u00ednea personalizados disponibles. <\/a><\/p>\n<\/div><\/div><\/div><\/div>\n<\/div>\n<\/div>\n\n\n\n<h2 class=\"wp-block-heading\">\u00bfTienes preguntas sobre nuestros productos de pedido personalizado?<\/h2>\n\n\n\n<p><a href=\"https:\/\/info.restek.com\/contact-us-cust-svc-usa\" target=\"_blank\" rel=\"noopener\">Contacta ahora con nuestro equipo de Servicio de Atenci\u00f3n al Cliente. <\/a><\/p>\n\n\n\n<p><\/p>\n","protected":false},"excerpt":{"rendered":"<p>Formularios de Solicitud de Productos Personalizados Si el producto que necesitas no est\u00e1 en nuestro cat\u00e1logo en l\u00ednea, puedes solicitar un pedido personalizado de patrones de referencia, columnas GC empaquetadas&#8230;<\/p>\n","protected":false},"author":62,"featured_media":0,"parent":0,"menu_order":0,"comment_status":"closed","ping_status":"closed","template":"","meta":{"_acf_changed":false,"_kad_blocks_custom_css":"","_kad_blocks_head_custom_js":"","_kad_blocks_body_custom_js":"","_kad_blocks_footer_custom_js":"","_kadence_starter_templates_imported_post":false,"_kad_post_transparent":"disable","_kad_post_title":"hide","_kad_post_layout":"","_kad_post_sidebar_id":"","_kad_post_content_style":"","_kad_post_vertical_padding":"","_kad_post_feature":"","_kad_post_feature_position":"","_kad_post_header":false,"_kad_post_footer":false,"footnotes":""},"class_list":["post-95085","page","type-page","status-publish","hentry"],"acf":[],"taxonomy_info":[],"featured_image_src_large":false,"author_info":{"display_name":"Virginie Bonnamy","author_link":"https:\/\/discover.restek.com\/es\/author\/virginie-bonnamy\/"},"comment_info":0,"_links":{"self":[{"href":"https:\/\/discover.restek.com\/es\/wp-json\/wp\/v2\/pages\/95085","targetHints":{"allow":["GET"]}}],"collection":[{"href":"https:\/\/discover.restek.com\/es\/wp-json\/wp\/v2\/pages"}],"about":[{"href":"https:\/\/discover.restek.com\/es\/wp-json\/wp\/v2\/types\/page"}],"author":[{"embeddable":true,"href":"https:\/\/discover.restek.com\/es\/wp-json\/wp\/v2\/users\/62"}],"replies":[{"embeddable":true,"href":"https:\/\/discover.restek.com\/es\/wp-json\/wp\/v2\/comments?post=95085"}],"version-history":[{"count":6,"href":"https:\/\/discover.restek.com\/es\/wp-json\/wp\/v2\/pages\/95085\/revisions"}],"predecessor-version":[{"id":95098,"href":"https:\/\/discover.restek.com\/es\/wp-json\/wp\/v2\/pages\/95085\/revisions\/95098"}],"wp:attachment":[{"href":"https:\/\/discover.restek.com\/es\/wp-json\/wp\/v2\/media?parent=95085"}],"curies":[{"name":"wp","href":"https:\/\/api.w.org\/{rel}","templated":true}]}}