{"id":54943,"date":"2025-07-15T13:40:06","date_gmt":"2025-07-15T13:40:06","guid":{"rendered":"https:\/\/discover.restek.com\/?page_id=54943"},"modified":"2025-12-22T23:07:23","modified_gmt":"2025-12-22T23:07:23","slug":"a-propos-de-nous","status":"publish","type":"page","link":"https:\/\/discover.restek.com\/fr\/a-propos-de-nous\/","title":{"rendered":"Bienvenue chez Restek !"},"content":{"rendered":"\n<div class=\"wp-block-group\"><div class=\"wp-block-group__inner-container is-layout-constrained wp-block-group-is-layout-constrained\"><div class=\"wp-block-image standard-page-hero-banner\">\n<figure class=\"aligncenter size-large\"><img loading=\"lazy\" decoding=\"async\" width=\"1024\" height=\"191\" src=\"https:\/\/discover.restek.com\/wp-content\/uploads\/\/page-banner-about-us-image-1024x191.jpg\" alt=\"\" class=\"wp-image-61270\" title=\"-\" srcset=\"https:\/\/discover.restek.com\/wp-content\/uploads\/page-banner-about-us-image-1024x191.jpg 1024w, https:\/\/discover.restek.com\/wp-content\/uploads\/page-banner-about-us-image-300x56.jpg 300w, https:\/\/discover.restek.com\/wp-content\/uploads\/page-banner-about-us-image-768x143.jpg 768w, https:\/\/discover.restek.com\/wp-content\/uploads\/page-banner-about-us-image-1536x286.jpg 1536w, https:\/\/discover.restek.com\/wp-content\/uploads\/page-banner-about-us-image.jpg 1920w\" sizes=\"auto, (max-width: 1024px) 100vw, 1024px\" \/><\/figure>\n<\/div>\n\n<\/div><\/div>\n\n\n\n<h1 class=\"wp-block-heading\">Bienvenue chez Restek !<\/h1>\n\n\n\n<p>Entreprise fond\u00e9e en 1985, Restek con\u00e7oit, d\u00e9veloppe et fabrique des produits consommables pour la chromatographie. La qualit\u00e9 et le caract\u00e8re innovant de ces produits font de Restek l\u2019un des leaders dans son domaine, fournissant les chimistes \u00e0 travers le monde et ce, quelles que soient les applications sur lesquelles ils travaillent : qualit\u00e9 de l\u2019air, de l\u2019eau, du sol, de produits agroalimentaires, pharmaceutiques, chimiques, p\u00e9troliers, etc.<\/p>\n\n\n\n<p>Notre passion pour la science nous am\u00e8ne \u00e0 fabriquer des produits innovants pour vous permettre de mener \u00e0 bien des analyses chromatographiques de qualit\u00e9. De la m\u00eame mani\u00e8re, nous mettons tout en \u0153uvre pour que notre service clients soit \u00e0 la hauteur de vos attentes &#8211; voire, les surpasse. C&#8217;est ce que le fondateur de Restek appelait un service &#8220;Plus 1&#8221;. Cette expression, que nous utilisons encore aujourd&#8217;hui, repr\u00e9sente notre vision d&#8217;entreprise : assister au mieux nos clients, de sorte que Restek devienne leur premier et principal interlocuteur dans le domaine de la chromatographie.<\/p>\n\n\n\n<p><a href=\"https:\/\/www.restek.com\/pages\/notre-histoire\/\" target=\"_blank\" rel=\"noopener\">Historiquement<\/a>, Restek appartient en totalit\u00e9 \u00e0 ses salari\u00e9s et poss\u00e8de une&nbsp;<a href=\"https:\/\/www.restek.com\/pages\/philosophie-et-culture-d\u2019entreprise\/\" target=\"_blank\" rel=\"noopener\">culture d&#8217;entreprise<\/a>&nbsp;affirm\u00e9e. Restek est une entreprise ind\u00e9pendante : ainsi, elle n&#8217;est li\u00e9e \u00e0 aucune marque d&#8217;appareils en particulier. Que vos m\u00e9thodes soient \u00e9prouv\u00e9es depuis longtemps ou que vous en mettiez en place de nouvelles, Restek est \u00e0 votre service pour vous aider \u00e0 obtenir les meilleurs r\u00e9sultats. Nous vous sommes reconnaissants de votre fid\u00e9lit\u00e9.<\/p>\n\n\n\n<p>Une&nbsp;<a href=\"https:\/\/www.restek.com\/pages\/sites-et-etablissements-restek\/\" data-type=\"link\" data-id=\"https:\/\/www.restek.com\/pages\/sites-et-etablissements-restek\/\" target=\"_blank\" rel=\"noopener\">pr\u00e9sence aux quatre coins du globe<\/a> renforce notre entreprise par la perspective unique qu\u2019elle nous offre. Cependant, quel que soit l&#8217;endroit o\u00f9 vous travaillez ou la mani\u00e8re dont vous interagissez avec Restek, certaines choses sont immuables. Nous sommes fiers de vous offrir le meilleur service client possible. O\u00f9 que vous soyez, Restek construit une relation solide avec vous et votre laboratoire, gr\u00e2ce \u00e0 des produits d&#8217;excellente qualit\u00e9, son expertise et son service technique.<\/p>\n\n\n\n<p>Nos clients participent \u00e0 rendre le monde plus sain, plus s\u00fbr. Nous sommes reconnaissants de pouvoir les aider \u00e0 faire cette diff\u00e9rence. Pour en savoir plus,&nbsp;<a href=\"https:\/\/www.restek.com\/contact-us\" data-type=\"link\" data-id=\"https:\/\/www.restek.com\/contact-us\" target=\"_blank\" rel=\"noopener\">contactez<\/a>&nbsp;votre filiale Restek en France.<\/p>\n\n\n\n<p>Vous avez d\u00e9j\u00e0 travaill\u00e9 avec nous ? N&#8217;h\u00e9sitez pas \u00e0&nbsp;<a href=\"https:\/\/www.restek.com\/pages\/a-propos-de-nous\/#\" target=\"_blank\" rel=\"noopener\">partager<\/a>&nbsp;votre exp\u00e9rience, vos retours nous permettent de nous am\u00e9liorer.<\/p>\n\n\n\n<p>Merci d&#8217;avoir choisi Restek.<\/p>\n\n\n\n<p><\/p>\n","protected":false},"excerpt":{"rendered":"<p>Bienvenue chez Restek ! Entreprise fond\u00e9e en 1985, Restek con\u00e7oit, d\u00e9veloppe et fabrique des produits consommables pour la chromatographie. La qualit\u00e9 et le caract\u00e8re innovant de ces produits font de&#8230;<\/p>\n","protected":false},"author":5,"featured_media":0,"parent":0,"menu_order":0,"comment_status":"closed","ping_status":"closed","template":"","meta":{"_acf_changed":false,"_kad_blocks_custom_css":"","_kad_blocks_head_custom_js":"","_kad_blocks_body_custom_js":"","_kad_blocks_footer_custom_js":"","_kadence_starter_templates_imported_post":false,"_kad_post_transparent":"","_kad_post_title":"hide","_kad_post_layout":"","_kad_post_sidebar_id":"","_kad_post_content_style":"","_kad_post_vertical_padding":"","_kad_post_feature":"","_kad_post_feature_position":"","_kad_post_header":false,"_kad_post_footer":false,"footnotes":""},"class_list":["post-54943","page","type-page","status-publish","hentry"],"acf":[],"taxonomy_info":[],"featured_image_src_large":false,"author_info":{"display_name":"Brenda Cogan","author_link":"https:\/\/discover.restek.com\/fr\/author\/brenda-coganrestek-com\/"},"comment_info":0,"_links":{"self":[{"href":"https:\/\/discover.restek.com\/fr\/wp-json\/wp\/v2\/pages\/54943","targetHints":{"allow":["GET"]}}],"collection":[{"href":"https:\/\/discover.restek.com\/fr\/wp-json\/wp\/v2\/pages"}],"about":[{"href":"https:\/\/discover.restek.com\/fr\/wp-json\/wp\/v2\/types\/page"}],"author":[{"embeddable":true,"href":"https:\/\/discover.restek.com\/fr\/wp-json\/wp\/v2\/users\/5"}],"replies":[{"embeddable":true,"href":"https:\/\/discover.restek.com\/fr\/wp-json\/wp\/v2\/comments?post=54943"}],"version-history":[{"count":6,"href":"https:\/\/discover.restek.com\/fr\/wp-json\/wp\/v2\/pages\/54943\/revisions"}],"predecessor-version":[{"id":76623,"href":"https:\/\/discover.restek.com\/fr\/wp-json\/wp\/v2\/pages\/54943\/revisions\/76623"}],"wp:attachment":[{"href":"https:\/\/discover.restek.com\/fr\/wp-json\/wp\/v2\/media?parent=54943"}],"curies":[{"name":"wp","href":"https:\/\/api.w.org\/{rel}","templated":true}]}}