{"id":55041,"date":"2025-07-18T13:54:13","date_gmt":"2025-07-18T13:54:13","guid":{"rendered":"https:\/\/discover.restek.com\/?page_id=55041"},"modified":"2025-12-24T00:11:01","modified_gmt":"2025-12-24T00:11:01","slug":"kit-media","status":"publish","type":"page","link":"https:\/\/discover.restek.com\/fr\/kit-media\/","title":{"rendered":"Kit m\u00e9dia"},"content":{"rendered":"\n<h1 class=\"wp-block-heading\">Kit m\u00e9dia<\/h1>\n\n\n\n<p>L&#8217;utilisation de logos ou d&#8217;autres repr\u00e9sentations de la marque Restek doit \u00eatre conforme \u00e0 la charte graphique mise en place par Restek. Leur usage est d\u00e9fini dans le document Restek Corporation Brand Identity and Logo Usage Guidelines. Pour toute question, <a href=\"https:\/\/www.restek.com\/contact-us\" target=\"_blank\" rel=\"noopener\">contactez-nous<\/a>.<\/p>\n\n\n\n<h2 class=\"wp-block-heading\">Identit\u00e9 de marque et directives d&#8217;utilisation du logo<\/h2>\n\n\n\n<p><\/p>\n\n\n\n<div data-wp-interactive=\"core\/file\" class=\"wp-block-file\"><object data-wp-bind--hidden=\"!state.hasPdfPreview\" hidden class=\"wp-block-file__embed\" data=\"https:\/\/discover.restek.com\/wp-content\/uploads\/GNOT1480.pdf\" type=\"application\/pdf\" style=\"width:100%;height:600px\" aria-label=\"Embed of GNOT1480.\"><\/object><a id=\"wp-block-file--media-41cb46db-20fa-41a6-92fe-fa6f6fc7d575\" href=\"https:\/\/discover.restek.com\/wp-content\/uploads\/GNOT1480.pdf\">GNOT1480<\/a><a href=\"https:\/\/discover.restek.com\/wp-content\/uploads\/GNOT1480.pdf\" class=\"wp-block-file__button wp-element-button\" aria-describedby=\"wp-block-file--media-41cb46db-20fa-41a6-92fe-fa6f6fc7d575\" download>Download<\/a><\/div>\n\n\n\n<h2 class=\"wp-block-heading\">Logos Restek<\/h2>\n\n\n\n<div class=\"wp-block-columns is-layout-flex wp-container-core-columns-is-layout-9d6595d7 wp-block-columns-is-layout-flex\">\n<div class=\"wp-block-column is-layout-flow wp-block-column-is-layout-flow\">\n<figure class=\"wp-block-image size-full\"><img loading=\"lazy\" decoding=\"async\" width=\"550\" height=\"162\" src=\"https:\/\/discover.restek.com\/wp-content\/uploads\/figure-article-GNOT1480C-02.jpg\" alt=\"\" class=\"wp-image-21877\" title=\"-\" srcset=\"https:\/\/discover.restek.com\/wp-content\/uploads\/figure-article-GNOT1480C-02.jpg 550w, https:\/\/discover.restek.com\/wp-content\/uploads\/figure-article-GNOT1480C-02-300x88.jpg 300w\" sizes=\"auto, (max-width: 550px) 100vw, 550px\" \/><\/figure>\n\n\n\n<div class=\"wp-block-file\"><a id=\"wp-block-file--media-089089c6-ffa9-4966-8ca2-fbaf4ad68edc\" href=\"https:\/\/discover.restek.com\/wp-content\/uploads\/restek-logo-color.zip\">restek-logo-color<\/a><a href=\"https:\/\/discover.restek.com\/wp-content\/uploads\/restek-logo-color.zip\" class=\"wp-block-file__button wp-element-button\" aria-describedby=\"wp-block-file--media-089089c6-ffa9-4966-8ca2-fbaf4ad68edc\" download>Download<\/a><\/div>\n<\/div>\n\n\n\n<div class=\"wp-block-column is-layout-flow wp-block-column-is-layout-flow\">\n<figure class=\"wp-block-image size-full\"><img loading=\"lazy\" decoding=\"async\" width=\"550\" height=\"163\" src=\"https:\/\/discover.restek.com\/wp-content\/uploads\/figure-article-GNOT1480C-03.jpg\" alt=\"\" class=\"wp-image-21883\" title=\"-\" srcset=\"https:\/\/discover.restek.com\/wp-content\/uploads\/figure-article-GNOT1480C-03.jpg 550w, https:\/\/discover.restek.com\/wp-content\/uploads\/figure-article-GNOT1480C-03-300x89.jpg 300w\" sizes=\"auto, (max-width: 550px) 100vw, 550px\" \/><\/figure>\n\n\n\n<div class=\"wp-block-file\"><a id=\"wp-block-file--media-43d5f4bc-4c16-4613-890e-38be19280fad\" href=\"https:\/\/discover.restek.com\/wp-content\/uploads\/restek-logo-black.zip\">restek-logo-black<\/a><a href=\"https:\/\/discover.restek.com\/wp-content\/uploads\/restek-logo-black.zip\" class=\"wp-block-file__button wp-element-button\" aria-describedby=\"wp-block-file--media-43d5f4bc-4c16-4613-890e-38be19280fad\" download>Download<\/a><\/div>\n<\/div>\n<\/div>\n\n\n\n<p><\/p>\n","protected":false},"excerpt":{"rendered":"<p>Kit m\u00e9dia L&#8217;utilisation de logos ou d&#8217;autres repr\u00e9sentations de la marque Restek doit \u00eatre conforme \u00e0 la charte graphique mise en place par Restek. Leur usage est d\u00e9fini dans le&#8230;<\/p>\n","protected":false},"author":5,"featured_media":0,"parent":0,"menu_order":0,"comment_status":"closed","ping_status":"closed","template":"","meta":{"_acf_changed":false,"_kad_blocks_custom_css":"","_kad_blocks_head_custom_js":"","_kad_blocks_body_custom_js":"","_kad_blocks_footer_custom_js":"","_kadence_starter_templates_imported_post":false,"_kad_post_transparent":"","_kad_post_title":"hide","_kad_post_layout":"","_kad_post_sidebar_id":"","_kad_post_content_style":"","_kad_post_vertical_padding":"","_kad_post_feature":"","_kad_post_feature_position":"","_kad_post_header":false,"_kad_post_footer":false,"footnotes":""},"class_list":["post-55041","page","type-page","status-publish","hentry"],"acf":[],"taxonomy_info":[],"featured_image_src_large":false,"author_info":{"display_name":"Brenda Cogan","author_link":"https:\/\/discover.restek.com\/fr\/author\/brenda-coganrestek-com\/"},"comment_info":0,"_links":{"self":[{"href":"https:\/\/discover.restek.com\/fr\/wp-json\/wp\/v2\/pages\/55041","targetHints":{"allow":["GET"]}}],"collection":[{"href":"https:\/\/discover.restek.com\/fr\/wp-json\/wp\/v2\/pages"}],"about":[{"href":"https:\/\/discover.restek.com\/fr\/wp-json\/wp\/v2\/types\/page"}],"author":[{"embeddable":true,"href":"https:\/\/discover.restek.com\/fr\/wp-json\/wp\/v2\/users\/5"}],"replies":[{"embeddable":true,"href":"https:\/\/discover.restek.com\/fr\/wp-json\/wp\/v2\/comments?post=55041"}],"version-history":[{"count":2,"href":"https:\/\/discover.restek.com\/fr\/wp-json\/wp\/v2\/pages\/55041\/revisions"}],"predecessor-version":[{"id":77281,"href":"https:\/\/discover.restek.com\/fr\/wp-json\/wp\/v2\/pages\/55041\/revisions\/77281"}],"wp:attachment":[{"href":"https:\/\/discover.restek.com\/fr\/wp-json\/wp\/v2\/media?parent=55041"}],"curies":[{"name":"wp","href":"https:\/\/api.w.org\/{rel}","templated":true}]}}