{"id":55083,"date":"2025-07-16T23:07:54","date_gmt":"2025-07-16T23:07:54","guid":{"rendered":"https:\/\/discover.restek.com\/?page_id=55083"},"modified":"2025-12-24T00:19:39","modified_gmt":"2025-12-24T00:19:39","slug":"certifications-de-conformite-iso","status":"publish","type":"page","link":"https:\/\/discover.restek.com\/fr\/certifications-de-conformite-iso\/","title":{"rendered":"Certifications de conformit\u00e9 ISO"},"content":{"rendered":"\n<div class=\"wp-block-group\"><div class=\"wp-block-group__inner-container is-layout-constrained wp-block-group-is-layout-constrained\"><div class=\"wp-block-image standard-page-hero-banner\">\n<figure class=\"aligncenter size-large\"><img loading=\"lazy\" decoding=\"async\" width=\"1024\" height=\"191\" src=\"https:\/\/discover.restek.com\/wp-content\/uploads\/\/page-banner-iso-quality-credentials-image-1024x191.jpg\" alt=\"\" class=\"wp-image-61282\" title=\"-\" srcset=\"https:\/\/discover.restek.com\/wp-content\/uploads\/page-banner-iso-quality-credentials-image-1024x191.jpg 1024w, https:\/\/discover.restek.com\/wp-content\/uploads\/page-banner-iso-quality-credentials-image-300x56.jpg 300w, https:\/\/discover.restek.com\/wp-content\/uploads\/page-banner-iso-quality-credentials-image-768x143.jpg 768w, https:\/\/discover.restek.com\/wp-content\/uploads\/page-banner-iso-quality-credentials-image-1536x286.jpg 1536w, https:\/\/discover.restek.com\/wp-content\/uploads\/page-banner-iso-quality-credentials-image.jpg 1920w\" sizes=\"auto, (max-width: 1024px) 100vw, 1024px\" \/><\/figure>\n<\/div>\n\n<\/div><\/div>\n\n\n\n<h1 class=\"wp-block-heading\">Certifications de conformit\u00e9 ISO<\/h1>\n\n\n\n<p>Nos laboratoires de fabrication et de contr\u00f4le des solutions-\u00e9talon de r\u00e9f\u00e9rence sont accr\u00e9dit\u00e9s ISO 17034 et ISO\/CEI 17025:2005.<\/p>\n\n\n\n<p>Certifi\u00e9es par l\u2019A2LA (American Association for Laboratory Accreditation), ces accr\u00e9ditations \u2013 tout comme la certification de conformit\u00e9 \u00e0 la norme ISO-9001 que Restek d\u00e9tient et renouvelle depuis 1994 \u2013 rendent compte de la volont\u00e9 de Restek de proposer des produits fabriqu\u00e9s selon des r\u00e9f\u00e9rentiels Qualit\u00e9 mondialement reconnus, \u00e9tablis par l\u2019ISO (International Organization for Standardization).<\/p>\n\n\n\n<p>Que vous soyez ou non tenus d\u2019utiliser des Mat\u00e9riaux de R\u00e9f\u00e9rence Certifi\u00e9s (CRMs) fabriqu\u00e9s par un laboratoire accr\u00e9dit\u00e9, les solutions-\u00e9talon Restek vous garantissent une qualit\u00e9 exceptionnelle et l\u2019acc\u00e8s \u00e0 un service technique performant. En plus de vous proposer un vaste choix sur stock d\u2019\u00e9talons certifi\u00e9s, Restek vous propose des solutions formul\u00e9es sur-mesure \u00e9galement certifi\u00e9es conformes aux normes ISO.<\/p>\n\n\n\n<p>N\u2019attendez plus : utilisez des produits innovants, qualifi\u00e9s et certifi\u00e9s, qui r\u00e9pondront \u00e0 vos attentes en terme de solutions-\u00e9talon &#8211; mais aussi de colonnes GC, LC, d\u2019accessoires, de pi\u00e8ces d\u00e9tach\u00e9es \u2013 en ne vous fiant qu\u2019\u00e0 un fournisseur accr\u00e9dit\u00e9 et reconnu !<\/p>\n\n\n\n<p>Pour en savoir plus sur chacune des certifications de conformit\u00e9 ISO de Restek, lire ci-dessous. Consultez <a href=\"https:\/\/www.restek.com\/articles\/\u00e9talons-de-r\u00e9f\u00e9rence-restek\" data-type=\"link\" data-id=\"www.restek.com\/articles\/\u00e9talons-de-r\u00e9f\u00e9rence-restek\" target=\"_blank\" rel=\"noopener\">www.restek.com\/standards<\/a> pour en savoir plus sur les \u00e9talons de r\u00e9f\u00e9rence Restek.<\/p>\n\n\n\n<h2 class=\"wp-block-heading\">ISO 9001:2015<\/h2>\n\n\n\n<p>La norme ISO 9001 est une norme internationale appliqu\u00e9e \u00e0 la gestion de la qualit\u00e9 g\u00e9n\u00e9rale qui prescrit des contr\u00f4les syst\u00e9matiques afin de s\u2019assurer que les services et les produits propos\u00e9s correspondent sans discontinuer aux attentes du client. Pour obtenir la certification \u00e0 cette norme, une entreprise doit mettre \u0153uvre des proc\u00e9dures r\u00e9dig\u00e9es normalis\u00e9es (SOPs) et fournir des documents de tra\u00e7abilit\u00e9 pour ses produits, de la production \u00e0 la distribution.<\/p>\n\n\n\n<div data-wp-interactive=\"core\/file\" class=\"wp-block-file\"><object data-wp-bind--hidden=\"!state.hasPdfPreview\" hidden class=\"wp-block-file__embed\" data=\"https:\/\/discover.restek.com\/wp-content\/uploads\/iso-certificate-9001-2015.pdf\" type=\"application\/pdf\" style=\"width:100%;height:600px\" aria-label=\"Embed of iso-certificate-9001-2015.\"><\/object><a id=\"wp-block-file--media-a2ef6df0-06c1-4936-9e74-e1187b7fc186\" href=\"https:\/\/discover.restek.com\/wp-content\/uploads\/iso-certificate-9001-2015.pdf\">iso-certificate-9001-2015<\/a><a href=\"https:\/\/discover.restek.com\/wp-content\/uploads\/iso-certificate-9001-2015.pdf\" class=\"wp-block-file__button wp-element-button\" aria-describedby=\"wp-block-file--media-a2ef6df0-06c1-4936-9e74-e1187b7fc186\" download>Download<\/a><\/div>\n\n\n\n<h2 class=\"wp-block-heading\"><strong>ISO\/CEI 17025:2017<\/strong><\/h2>\n\n\n\n<p>La norme ISO\/CEI 17025 s\u2019applique g\u00e9n\u00e9ralement aux laboratoires d\u2019essai ou d\u2019\u00e9talonnage. Pour obtenir puis maintenir notre certification, nos laboratoires produisant les \u00e9talons de r\u00e9f\u00e9rence doivent d\u00e9montrer en permanence que les proc\u00e9dures de tests analytiques mises en place permettent de garantir des r\u00e9sultats fiables et robuste, de la puret\u00e9 des mati\u00e8res premi\u00e8res utilis\u00e9es \u00e0 la validation des concentrations de l\u2019\u00e9talon final<\/p>\n\n\n\n<p>Des proc\u00e9dures d\u2019am\u00e9lioration continue, bas\u00e9es sur l\u2019expertise technique de nos ing\u00e9nieurs ainsi que sur un circuit \u00e9tendu de remont\u00e9es d\u2019information, nous permettent de maintenir le niveau d\u2019exigence requis au maintien de cette accr\u00e9ditation.<\/p>\n\n\n\n<p>Restek a prouv\u00e9 sa comp\u00e9tence technique et a obtenu l\u2019accr\u00e9ditation de conformit\u00e9 \u00e0 la norme ISO\/CIE 17025 en g\u00e9n\u00e9rant, de fa\u00e7on fiable et syst\u00e9matique, des r\u00e9sultats de test exceptionnels.<\/p>\n\n\n\n<div data-wp-interactive=\"core\/file\" class=\"wp-block-file\"><object data-wp-bind--hidden=\"!state.hasPdfPreview\" hidden class=\"wp-block-file__embed\" data=\"https:\/\/discover.restek.com\/wp-content\/uploads\/3222-02-ISO-IEC-17025-2017-Scope-of-Accreditation-Jan-2026.pdf\" type=\"application\/pdf\" style=\"width:100%;height:600px\" aria-label=\"Embed of ISO-IEC 17025 certificate 3222-02 _valid until 12-31-2025.\"><\/object><a id=\"wp-block-file--media-5ff68ea5-b9ce-4620-ba10-a1889dd0df48\" href=\"https:\/\/discover.restek.com\/wp-content\/uploads\/3222-02-ISO-IEC-17025-2017-Scope-of-Accreditation-Jan-2026.pdf\">ISO-IEC 17025 certificate 3222-02 _valid until 12-31-2025<\/a><a href=\"https:\/\/discover.restek.com\/wp-content\/uploads\/3222-02-ISO-IEC-17025-2017-Scope-of-Accreditation-Jan-2026.pdf\" class=\"wp-block-file__button wp-element-button\" aria-describedby=\"wp-block-file--media-5ff68ea5-b9ce-4620-ba10-a1889dd0df48\" download>Download<\/a><\/div>\n\n\n\n<h2 class=\"wp-block-heading\">ISO 17034:2016<\/h2>\n\n\n\n<p>La norme ISO 17034 couvre sp\u00e9cifiquement l\u2019activit\u00e9 de production d\u2019\u00e9talons de r\u00e9f\u00e9rence. Elle atteste non seulement du syst\u00e8me Qualit\u00e9 utilis\u00e9 lors de la fabrication, mais \u00e9galement de la fiabilit\u00e9 des niveaux d\u2019incertitude associ\u00e9s \u00e0 chaque valeur du certificat d\u2019analyse. Restek a men\u00e9 des \u00e9tudes approfondies portant sur l\u2019homog\u00e9n\u00e9it\u00e9 des ampoules et la stabilit\u00e9 du produit lors du stockage ou encore lors du transport. En outre, sur chaque solution-\u00e9talon de r\u00e9f\u00e9rence, Restek fait appara\u00eetre les incertitudes combin\u00e9es li\u00e9es \u00e0 la fabrication, \u00e0 l\u2019analyse, au stockage et au transport de cette solution, permettant ainsi aux \u00e9talons \u00ab\u202fcatalogue\u202f\u00bb, ainsi qu\u2019aux \u00e9talons fabriqu\u00e9s sur mesure, d\u2019\u00eatre couverts par l\u2019accr\u00e9ditation ISO Guide 34.<\/p>\n\n\n\n<p>La combinaison des accr\u00e9ditations ISO\/CEI 17025:2005 et ISO 17034 \u00e0 la certification ISO 9001 repr\u00e9sente le plus haut niveau d\u2019exigence possible pour un fournisseur de solutions-\u00e9talon de r\u00e9f\u00e9rence.<\/p>\n\n\n\n<div data-wp-interactive=\"core\/file\" class=\"wp-block-file\"><object data-wp-bind--hidden=\"!state.hasPdfPreview\" hidden class=\"wp-block-file__embed\" data=\"https:\/\/discover.restek.com\/wp-content\/uploads\/3222-01-17034-2016-Scope-of-Accreditation-Jan-2026-1.pdf\" type=\"application\/pdf\" style=\"width:100%;height:600px\" aria-label=\"Embed of ISO 17034 certificate 3222-01_valid until 12-31-2025.\"><\/object><a id=\"wp-block-file--media-eb5876e5-3dab-4558-a87b-d2fc3026afa6\" href=\"https:\/\/discover.restek.com\/wp-content\/uploads\/3222-01-17034-2016-Scope-of-Accreditation-Jan-2026-1.pdf\">ISO 17034 certificate 3222-01_valid until 12-31-2025<\/a><a href=\"https:\/\/discover.restek.com\/wp-content\/uploads\/3222-01-17034-2016-Scope-of-Accreditation-Jan-2026-1.pdf\" class=\"wp-block-file__button wp-element-button\" aria-describedby=\"wp-block-file--media-eb5876e5-3dab-4558-a87b-d2fc3026afa6\" download>Download<\/a><\/div>\n\n\n\n<p><\/p>\n\n\n\n<p>D\u00e9couvrez nos \u00e9talons de r\u00e9f\u00e9rence sur la page <a href=\"https:\/\/www.restek.com\/articles\/\u00e9talons-de-r\u00e9f\u00e9rence-restek\" data-type=\"link\" data-id=\"https:\/\/www.restek.com\/articles\/\u00e9talons-de-r\u00e9f\u00e9rence-restek\" target=\"_blank\" rel=\"noopener\">www.restek.com\/standards<\/a><\/p>\n\n\n\n<p><\/p>\n","protected":false},"excerpt":{"rendered":"<p>Certifications de conformit\u00e9 ISO Nos laboratoires de fabrication et de contr\u00f4le des solutions-\u00e9talon de r\u00e9f\u00e9rence sont accr\u00e9dit\u00e9s ISO 17034 et ISO\/CEI 17025:2005. Certifi\u00e9es par l\u2019A2LA (American Association for Laboratory Accreditation),&#8230;<\/p>\n","protected":false},"author":5,"featured_media":7281,"parent":0,"menu_order":0,"comment_status":"closed","ping_status":"closed","template":"","meta":{"_acf_changed":false,"_kad_blocks_custom_css":"","_kad_blocks_head_custom_js":"","_kad_blocks_body_custom_js":"","_kad_blocks_footer_custom_js":"","_kadence_starter_templates_imported_post":false,"_kad_post_transparent":"","_kad_post_title":"hide","_kad_post_layout":"","_kad_post_sidebar_id":"","_kad_post_content_style":"","_kad_post_vertical_padding":"","_kad_post_feature":"","_kad_post_feature_position":"","_kad_post_header":false,"_kad_post_footer":false,"footnotes":""},"class_list":["post-55083","page","type-page","status-publish","has-post-thumbnail","hentry"],"acf":[],"taxonomy_info":[],"featured_image_src_large":["https:\/\/discover.restek.com\/wp-content\/uploads\/feature-GNOT3423-1024x536.jpg",1024,536,true],"author_info":{"display_name":"Brenda Cogan","author_link":"https:\/\/discover.restek.com\/fr\/author\/brenda-coganrestek-com\/"},"comment_info":0,"_links":{"self":[{"href":"https:\/\/discover.restek.com\/fr\/wp-json\/wp\/v2\/pages\/55083","targetHints":{"allow":["GET"]}}],"collection":[{"href":"https:\/\/discover.restek.com\/fr\/wp-json\/wp\/v2\/pages"}],"about":[{"href":"https:\/\/discover.restek.com\/fr\/wp-json\/wp\/v2\/types\/page"}],"author":[{"embeddable":true,"href":"https:\/\/discover.restek.com\/fr\/wp-json\/wp\/v2\/users\/5"}],"replies":[{"embeddable":true,"href":"https:\/\/discover.restek.com\/fr\/wp-json\/wp\/v2\/comments?post=55083"}],"version-history":[{"count":4,"href":"https:\/\/discover.restek.com\/fr\/wp-json\/wp\/v2\/pages\/55083\/revisions"}],"predecessor-version":[{"id":77306,"href":"https:\/\/discover.restek.com\/fr\/wp-json\/wp\/v2\/pages\/55083\/revisions\/77306"}],"wp:featuredmedia":[{"embeddable":true,"href":"https:\/\/discover.restek.com\/fr\/wp-json\/wp\/v2\/media\/7281"}],"wp:attachment":[{"href":"https:\/\/discover.restek.com\/fr\/wp-json\/wp\/v2\/media?parent=55083"}],"curies":[{"name":"wp","href":"https:\/\/api.w.org\/{rel}","templated":true}]}}