{"id":55140,"date":"2025-07-18T13:33:25","date_gmt":"2025-07-18T13:33:25","guid":{"rendered":"https:\/\/discover.restek.com\/?page_id=55140"},"modified":"2026-01-13T23:16:32","modified_gmt":"2026-01-13T23:16:32","slug":"demande-de-produits-sur-mesure","status":"publish","type":"page","link":"https:\/\/discover.restek.com\/fr\/demande-de-produits-sur-mesure\/","title":{"rendered":"Formulaires de demande de produits sur mesure"},"content":{"rendered":"\n<div class=\"wp-block-group\"><div class=\"wp-block-group__inner-container is-layout-constrained wp-block-group-is-layout-constrained\"><div class=\"wp-block-image standard-page-hero-banner\">\n<figure class=\"aligncenter size-large\"><img loading=\"lazy\" decoding=\"async\" width=\"1024\" height=\"213\" src=\"https:\/\/discover.restek.com\/wp-content\/uploads\/\/header-article-custom-product-request-forms-1-1024x213.jpg\" alt=\"\" class=\"wp-image-62692\" title=\"-\" srcset=\"https:\/\/discover.restek.com\/wp-content\/uploads\/header-article-custom-product-request-forms-1-1024x213.jpg 1024w, https:\/\/discover.restek.com\/wp-content\/uploads\/header-article-custom-product-request-forms-1-300x63.jpg 300w, https:\/\/discover.restek.com\/wp-content\/uploads\/header-article-custom-product-request-forms-1-768x160.jpg 768w, https:\/\/discover.restek.com\/wp-content\/uploads\/header-article-custom-product-request-forms-1-1536x320.jpg 1536w, https:\/\/discover.restek.com\/wp-content\/uploads\/header-article-custom-product-request-forms-1-2048x427.jpg 2048w\" sizes=\"auto, (max-width: 1024px) 100vw, 1024px\" \/><\/figure>\n<\/div>\n\n<\/div><\/div>\n\n\n\n<h1 class=\"wp-block-heading\">Formulaires de demande de produits sur mesure<\/h1>\n\n\n\n<p>Si le produit que vous cherchez ne figure pas dans notre catalogue en ligne, vous pouvez demander un devis sur mesure pour des \u00e9talons de r\u00e9f\u00e9rence, des colonnes GC remplies ou &#8220;micropacked&#8221;, des \u00e9talons gazeux et des r\u00e9gulateurs de gaz ultra-haute puret\u00e9.<\/p>\n\n\n\n<p>S\u00e9lectionnez le produit souhait\u00e9 ci-dessous et remplissez le formulaire pour envoyer une demande de produit sur mesure \u00e0 nos sp\u00e9cialistes, qui se chargeront d&#8217;\u00e9tablir un devis.<\/p>\n\n\n\n<div class=\"wp-block-columns is-layout-flex wp-container-core-columns-is-layout-9d6595d7 wp-block-columns-is-layout-flex\">\n<div class=\"wp-block-column is-layout-flow wp-block-column-is-layout-flow\"><style>.kt-sc55140_bf6ee3-ff .kt-sc-imgcol, .kt-sc55140_bf6ee3-ff .kt-sc-textcol{min-height:450px;}.kt-sc55140_bf6ee3-ff .kt-sc-textcol{padding-top:24px;padding-right:24px;padding-bottom:24px;padding-left:24px;margin-top:0px;margin-right:0px;margin-bottom:0px;margin-left:0px;}@media all and (max-width: 767px){.kt-sc55140_bf6ee3-ff .kt-sc-imgcol, .kt-sc55140_bf6ee3-ff .kt-sc-textcol{min-height:450px;}}<\/style>\n<div class=\"aligncenter kt-sc55140_bf6ee3-ff wp-block-kadence-splitcontent\"><div class=\"kt-split-content-wrap kt-sc-media-side-left\" style=\"grid-template-columns:50% auto\"><div class=\"kt-sc-imgcol kt-sc-imgcol-bg-auto kt-sc-img-side-left\"><figure class=\"kt-split-content-media-image wp-image-container-18160\"><img loading=\"lazy\" decoding=\"async\" src=\"https:\/\/discover.restek.com\/wp-content\/uploads\/custom-product-request-form-ref-stds-icon.svg\" alt=\"\" width=\"56\" height=\"59\" class=\"kt-split-content-img wp-image-18160\" title=\"-\"><\/figure><\/div><div class=\"kt-sc-textcol kt-sc-text-valign-center kt-sc-text-halign-center\"><div class=\"kt-sc-innter-col\"><style>.wp-block-kadence-advancedheading.kt-adv-heading55140_7289e4-8a, .wp-block-kadence-advancedheading.kt-adv-heading55140_7289e4-8a[data-kb-block=\"kb-adv-heading55140_7289e4-8a\"]{font-style:normal;}.wp-block-kadence-advancedheading.kt-adv-heading55140_7289e4-8a mark.kt-highlight, .wp-block-kadence-advancedheading.kt-adv-heading55140_7289e4-8a[data-kb-block=\"kb-adv-heading55140_7289e4-8a\"] mark.kt-highlight{font-style:normal;color:#f76a0c;-webkit-box-decoration-break:clone;box-decoration-break:clone;padding-top:0px;padding-right:0px;padding-bottom:0px;padding-left:0px;}.wp-block-kadence-advancedheading.kt-adv-heading55140_7289e4-8a img.kb-inline-image, .wp-block-kadence-advancedheading.kt-adv-heading55140_7289e4-8a[data-kb-block=\"kb-adv-heading55140_7289e4-8a\"] img.kb-inline-image{width:150px;vertical-align:baseline;}<\/style>\n<h3 class=\"kt-adv-heading55140_7289e4-8a wp-block-kadence-advancedheading\" data-kb-block=\"kb-adv-heading55140_7289e4-8a\"><a href=\"https:\/\/www.restek.com\/custom-reference-standard-request-form\" target=\"_blank\" rel=\"noopener\"><\/a><a href=\"custom-reference-standard-request-form\">\u00c9talons de r\u00e9f\u00e9rence<\/a><\/h3>\n\n\n\n<p><a href=\"https:\/\/www.restek.com\/custom-reference-standard-request-form\" target=\"_blank\" rel=\"noopener\"><\/a><a href=\"https:\/\/www.restek.com\/custom-reference-standard-request-form\" target=\"_blank\" rel=\"noopener\">Simplifiez votre travail gr\u00e2ce \u00e0 nos \u00e9talons de r\u00e9f\u00e9rence sur mesure.<\/a><\/p>\n<\/div><\/div><\/div><\/div>\n\n\n<style>.kt-sc55140_d4e4ae-ac .kt-sc-imgcol, .kt-sc55140_d4e4ae-ac .kt-sc-textcol{min-height:450px;}.kt-sc55140_d4e4ae-ac .kt-sc-textcol{padding-top:24px;padding-right:24px;padding-bottom:24px;padding-left:24px;margin-top:0px;margin-right:0px;margin-bottom:0px;margin-left:0px;}@media all and (max-width: 767px){.kt-sc55140_d4e4ae-ac .kt-sc-imgcol, .kt-sc55140_d4e4ae-ac .kt-sc-textcol{min-height:450px;}}<\/style>\n<div class=\"aligncenter kt-sc55140_d4e4ae-ac wp-block-kadence-splitcontent\"><div class=\"kt-split-content-wrap kt-sc-media-side-left\" style=\"grid-template-columns:50% auto\"><div class=\"kt-sc-imgcol kt-sc-imgcol-bg-auto kt-sc-img-side-left\"><figure class=\"kt-split-content-media-image wp-image-container-18148\"><img loading=\"lazy\" decoding=\"async\" src=\"https:\/\/discover.restek.com\/wp-content\/uploads\/custom-product-request-form-packed-gas-icon.svg\" alt=\"\" width=\"56\" height=\"59\" class=\"kt-split-content-img wp-image-18148\" title=\"-\"><\/figure><\/div><div class=\"kt-sc-textcol kt-sc-text-valign-center kt-sc-text-halign-center\"><div class=\"kt-sc-innter-col\"><style>.wp-block-kadence-advancedheading.kt-adv-heading55140_b821e7-0c, .wp-block-kadence-advancedheading.kt-adv-heading55140_b821e7-0c[data-kb-block=\"kb-adv-heading55140_b821e7-0c\"]{font-style:normal;}.wp-block-kadence-advancedheading.kt-adv-heading55140_b821e7-0c mark.kt-highlight, .wp-block-kadence-advancedheading.kt-adv-heading55140_b821e7-0c[data-kb-block=\"kb-adv-heading55140_b821e7-0c\"] mark.kt-highlight{font-style:normal;color:#f76a0c;-webkit-box-decoration-break:clone;box-decoration-break:clone;padding-top:0px;padding-right:0px;padding-bottom:0px;padding-left:0px;}.wp-block-kadence-advancedheading.kt-adv-heading55140_b821e7-0c img.kb-inline-image, .wp-block-kadence-advancedheading.kt-adv-heading55140_b821e7-0c[data-kb-block=\"kb-adv-heading55140_b821e7-0c\"] img.kb-inline-image{width:150px;vertical-align:baseline;}<\/style>\n<h3 class=\"kt-adv-heading55140_b821e7-0c wp-block-kadence-advancedheading\" data-kb-block=\"kb-adv-heading55140_b821e7-0c\"><a href=\"https:\/\/forms.restek.com\/220966034742052\" target=\"_blank\" rel=\"noopener\"><\/a><a href=\"https:\/\/forms.restek.com\/220966034742052\" target=\"_blank\" rel=\"noopener\">\u00c9talons gazeux<\/a><\/h3>\n\n\n\n<p><a href=\"https:\/\/forms.restek.com\/220966034742052\" target=\"_blank\" rel=\"noopener\"><\/a><a href=\"https:\/\/forms.restek.com\/220966034742052\" target=\"_blank\" rel=\"noopener\">Soumettez une demande d&#8217;\u00e9talon gazeux sur mesure.<\/a><\/p>\n<\/div><\/div><\/div><\/div>\n<\/div>\n\n\n\n<div class=\"wp-block-column is-layout-flow wp-block-column-is-layout-flow\"><style>.kt-sc55140_973c84-4b .kt-sc-imgcol, .kt-sc55140_973c84-4b .kt-sc-textcol{min-height:450px;}.kt-sc55140_973c84-4b .kt-sc-textcol{padding-top:24px;padding-right:24px;padding-bottom:24px;padding-left:24px;margin-top:0px;margin-right:0px;margin-bottom:0px;margin-left:0px;}@media all and (max-width: 767px){.kt-sc55140_973c84-4b .kt-sc-imgcol, .kt-sc55140_973c84-4b .kt-sc-textcol{min-height:450px;}}<\/style>\n<div class=\"aligncenter kt-sc55140_973c84-4b wp-block-kadence-splitcontent\"><div class=\"kt-split-content-wrap kt-sc-media-side-left\" style=\"grid-template-columns:50% auto\"><div class=\"kt-sc-imgcol kt-sc-imgcol-bg-auto kt-sc-img-side-left\"><figure class=\"kt-split-content-media-image wp-image-container-18142\"><img loading=\"lazy\" decoding=\"async\" src=\"https:\/\/discover.restek.com\/wp-content\/uploads\/custom-product-request-form-packed-col-icon.svg\" alt=\"\" width=\"56\" height=\"59\" class=\"kt-split-content-img wp-image-18142\" title=\"-\"><\/figure><\/div><div class=\"kt-sc-textcol kt-sc-text-valign-center kt-sc-text-halign-center\"><div class=\"kt-sc-innter-col\"><style>.wp-block-kadence-advancedheading.kt-adv-heading55140_7f623d-a1, .wp-block-kadence-advancedheading.kt-adv-heading55140_7f623d-a1[data-kb-block=\"kb-adv-heading55140_7f623d-a1\"]{font-style:normal;}.wp-block-kadence-advancedheading.kt-adv-heading55140_7f623d-a1 mark.kt-highlight, .wp-block-kadence-advancedheading.kt-adv-heading55140_7f623d-a1[data-kb-block=\"kb-adv-heading55140_7f623d-a1\"] mark.kt-highlight{font-style:normal;color:#f76a0c;-webkit-box-decoration-break:clone;box-decoration-break:clone;padding-top:0px;padding-right:0px;padding-bottom:0px;padding-left:0px;}.wp-block-kadence-advancedheading.kt-adv-heading55140_7f623d-a1 img.kb-inline-image, .wp-block-kadence-advancedheading.kt-adv-heading55140_7f623d-a1[data-kb-block=\"kb-adv-heading55140_7f623d-a1\"] img.kb-inline-image{width:150px;vertical-align:baseline;}<\/style>\n<h3 class=\"kt-adv-heading55140_7f623d-a1 wp-block-kadence-advancedheading\" data-kb-block=\"kb-adv-heading55140_7f623d-a1\"><a href=\"https:\/\/forms.restek.com\/231444511647958\" target=\"_blank\" rel=\"noopener\"><\/a><a href=\"https:\/\/forms.restek.com\/231444511647958\" target=\"_blank\" rel=\"noopener\">Colonnes remplies \/ \u201cmicropacked\u201d<\/a><\/h3>\n\n\n\n<p><a href=\"https:\/\/forms.restek.com\/231444511647958\" target=\"_blank\" rel=\"noopener\"><\/a><a href=\"https:\/\/forms.restek.com\/231444511647958\" target=\"_blank\" rel=\"noopener\">Demandez une colonne remplie ou &#8220;micropacked&#8221; sur mesure.<\/a><\/p>\n<\/div><\/div><\/div><\/div>\n\n\n<style>.kt-sc55140_16b032-d0 .kt-sc-imgcol, .kt-sc55140_16b032-d0 .kt-sc-textcol{min-height:450px;}.kt-sc55140_16b032-d0 .kt-sc-textcol{padding-top:24px;padding-right:24px;padding-bottom:24px;padding-left:24px;margin-top:0px;margin-right:0px;margin-bottom:0px;margin-left:0px;}@media all and (max-width: 767px){.kt-sc55140_16b032-d0 .kt-sc-imgcol, .kt-sc55140_16b032-d0 .kt-sc-textcol{min-height:450px;}}<\/style>\n<div class=\"aligncenter kt-sc55140_16b032-d0 wp-block-kadence-splitcontent\"><div class=\"kt-split-content-wrap kt-sc-media-side-left\" style=\"grid-template-columns:50% auto\"><div class=\"kt-sc-imgcol kt-sc-imgcol-bg-auto kt-sc-img-side-left\"><figure class=\"kt-split-content-media-image wp-image-container-18154\"><img loading=\"lazy\" decoding=\"async\" src=\"https:\/\/discover.restek.com\/wp-content\/uploads\/custom-product-request-form-packed-regulator-icon.svg\" alt=\"\" width=\"56\" height=\"59\" class=\"kt-split-content-img wp-image-18154\" title=\"-\"><\/figure><\/div><div class=\"kt-sc-textcol kt-sc-text-valign-center kt-sc-text-halign-center\"><div class=\"kt-sc-innter-col\"><style>.wp-block-kadence-advancedheading.kt-adv-heading55140_18edc9-fd, .wp-block-kadence-advancedheading.kt-adv-heading55140_18edc9-fd[data-kb-block=\"kb-adv-heading55140_18edc9-fd\"]{font-style:normal;}.wp-block-kadence-advancedheading.kt-adv-heading55140_18edc9-fd mark.kt-highlight, .wp-block-kadence-advancedheading.kt-adv-heading55140_18edc9-fd[data-kb-block=\"kb-adv-heading55140_18edc9-fd\"] mark.kt-highlight{font-style:normal;color:#f76a0c;-webkit-box-decoration-break:clone;box-decoration-break:clone;padding-top:0px;padding-right:0px;padding-bottom:0px;padding-left:0px;}.wp-block-kadence-advancedheading.kt-adv-heading55140_18edc9-fd img.kb-inline-image, .wp-block-kadence-advancedheading.kt-adv-heading55140_18edc9-fd[data-kb-block=\"kb-adv-heading55140_18edc9-fd\"] img.kb-inline-image{width:150px;vertical-align:baseline;}<\/style>\n<h3 class=\"kt-adv-heading55140_18edc9-fd wp-block-kadence-advancedheading\" data-kb-block=\"kb-adv-heading55140_18edc9-fd\"><a href=\"https:\/\/forms.restek.com\/223205147122947\" target=\"_blank\" rel=\"noopener\"><\/a><a href=\"https:\/\/forms.restek.com\/223205147122947\" target=\"_blank\" rel=\"noopener\">R\u00e9gulateurs de gaz ultra-haute puret\u00e9<\/a><\/h3>\n\n\n\n<p><a href=\"https:\/\/forms.restek.com\/223205147122947\" target=\"_blank\" rel=\"noopener\"><\/a><a href=\"https:\/\/forms.restek.com\/223205147122947\" target=\"_blank\" rel=\"noopener\">R\u00e9gulateurs \u00e0 simple et double d\u00e9tente ou &#8220;in-line&#8221;disponibles sur mesure.<\/a><\/p>\n<\/div><\/div><\/div><\/div>\n<\/div>\n<\/div>\n\n\n\n<h2 class=\"wp-block-heading\">Vous avez des questions sur nos produits sur mesure ?<\/h2>\n\n\n\n<p><a href=\"https:\/\/info.restek.com\/contact-us-cust-svc-usa\" target=\"_blank\" rel=\"noopener\"><\/a><a href=\"https:\/\/info.restek.com\/contact-us-cust-svc-fr\" target=\"_blank\" rel=\"noopener\">Contactez le service client !<\/a><\/p>\n\n\n\n<p><\/p>\n","protected":false},"excerpt":{"rendered":"<p>Formulaires de demande de produits sur mesure Si le produit que vous cherchez ne figure pas dans notre catalogue en ligne, vous pouvez demander un devis sur mesure pour des&#8230;<\/p>\n","protected":false},"author":5,"featured_media":25230,"parent":0,"menu_order":0,"comment_status":"closed","ping_status":"closed","template":"","meta":{"_acf_changed":false,"_kad_blocks_custom_css":"","_kad_blocks_head_custom_js":"","_kad_blocks_body_custom_js":"","_kad_blocks_footer_custom_js":"","_kadence_starter_templates_imported_post":false,"_kad_post_transparent":"","_kad_post_title":"hide","_kad_post_layout":"","_kad_post_sidebar_id":"","_kad_post_content_style":"","_kad_post_vertical_padding":"","_kad_post_feature":"","_kad_post_feature_position":"","_kad_post_header":false,"_kad_post_footer":false,"footnotes":""},"class_list":["post-55140","page","type-page","status-publish","has-post-thumbnail","hentry"],"acf":[],"taxonomy_info":[],"featured_image_src_large":["https:\/\/discover.restek.com\/wp-content\/uploads\/header-article-custom-product-request-forms-1024x213.jpg",1024,213,true],"author_info":{"display_name":"Brenda Cogan","author_link":"https:\/\/discover.restek.com\/fr\/author\/brenda-coganrestek-com\/"},"comment_info":0,"_links":{"self":[{"href":"https:\/\/discover.restek.com\/fr\/wp-json\/wp\/v2\/pages\/55140","targetHints":{"allow":["GET"]}}],"collection":[{"href":"https:\/\/discover.restek.com\/fr\/wp-json\/wp\/v2\/pages"}],"about":[{"href":"https:\/\/discover.restek.com\/fr\/wp-json\/wp\/v2\/types\/page"}],"author":[{"embeddable":true,"href":"https:\/\/discover.restek.com\/fr\/wp-json\/wp\/v2\/users\/5"}],"replies":[{"embeddable":true,"href":"https:\/\/discover.restek.com\/fr\/wp-json\/wp\/v2\/comments?post=55140"}],"version-history":[{"count":6,"href":"https:\/\/discover.restek.com\/fr\/wp-json\/wp\/v2\/pages\/55140\/revisions"}],"predecessor-version":[{"id":81056,"href":"https:\/\/discover.restek.com\/fr\/wp-json\/wp\/v2\/pages\/55140\/revisions\/81056"}],"wp:featuredmedia":[{"embeddable":true,"href":"https:\/\/discover.restek.com\/fr\/wp-json\/wp\/v2\/media\/25230"}],"wp:attachment":[{"href":"https:\/\/discover.restek.com\/fr\/wp-json\/wp\/v2\/media?parent=55140"}],"curies":[{"name":"wp","href":"https:\/\/api.w.org\/{rel}","templated":true}]}}