{"id":55405,"date":"2024-11-25T14:47:27","date_gmt":"2024-11-25T14:47:27","guid":{"rendered":"https:\/\/discover.restek.com\/?page_id=55405"},"modified":"2025-10-17T12:51:10","modified_gmt":"2025-10-17T12:51:10","slug":"philosophie-et-culture-dentreprise","status":"publish","type":"page","link":"https:\/\/discover.restek.com\/fr\/philosophie-et-culture-dentreprise\/","title":{"rendered":"Philosophie et culture d\u2019entreprise"},"content":{"rendered":"\n<h2 class=\"wp-block-heading\">Notre Mission et Nos Valeurs<\/h2>\n\n\n\n<p>Restek est une entreprise internationale compos\u00e9s de salari\u00e9s actionnaires, soud\u00e9s par une vision commune : avoir un impact positif sur le monde. Notre but consiste \u00e0 entretenir une culture fond\u00e9e sur la coop\u00e9ration, dans laquelle salari\u00e9s et clients travaillent ensemble pour am\u00e9liorer la sant\u00e9 et la s\u00e9curit\u00e9 des personnes dans le monde entier. Qu&#8217;il s&#8217;agisse de perfectionner les analyses environnementales, d&#8217;assurer la qualit\u00e9 des aliments et de l&#8217;eau, de renforcer l&#8217;int\u00e9grit\u00e9 des produits ou de faire progresser les diff\u00e9rentes industries, le travail que nous accomplissons permet de faire progresser les conditions de vie et de soutenir la communaut\u00e9 scientifique dans le monde entier.<\/p>\n\n\n\n<p>Notre mission refl\u00e8te notre engagement \u00e0 fournir des solutions chromatographiques de grande qualit\u00e9 tout en encourageant une culture d&#8217;entreprise centr\u00e9e sur les salari\u00e9s. En tant que soci\u00e9t\u00e9 d\u00e9tenue \u00e0 100% par ses salari\u00e9s, nous sommes fiers de pr\u00e9server notre ind\u00e9pendance, de responsabiliser nos \u00e9quipes et de veiller \u00e0 ce que chaque individu contribue \u00e0 notre succ\u00e8s. Chez Restek, le statut des actionnaires va au-del\u00e0 de l&#8217;aspect financier : c&#8217;est une mani\u00e8re de travailler ensemble dans le respect, la coop\u00e9ration et une vision commune afin que nos clients, nos partenaires et nos collectivit\u00e9s obtiennent des r\u00e9sultats exceptionnels.<\/p>\n\n\n\n<p>Cet engagement nous incite \u00e0 nous perfectionner et \u00e0 travailler en synergie, en m\u00ealant les comp\u00e9tences de nos salari\u00e9s actionnaires et le savoir-faire de nos clients afin de relever des d\u00e9fis cruciaux et d&#8217;obtenir des r\u00e9sultats significatifs. Notre attachement \u00e0 l&#8217;actionnariat des salari\u00e9s, \u00e0 la coh\u00e9sion d&#8217;\u00e9quipe et au succ\u00e8s commun d\u00e9finit notre culture et d\u00e9termine les valeurs fondamentales qui mod\u00e8lent notre fa\u00e7on de travailler, de servir et de faire la diff\u00e9rence.<\/p>\n\n\n\n<h2 class=\"wp-block-heading\">Nos valeurs fondamentales : le fondement de la culture et du succ\u00e8s de Restek<\/h2>\n\n\n\n<p>Chez Restek, les valeurs fondamentales sont plus que des principes de conduite &#8211; elles sont le fondement de notre travail, elles nous rassemblent et guident notre d\u00e9veloppement commun. Ces valeurs fa\u00e7onnent notre culture d&#8217;entreprise, guident notre engagement en faveur de l&#8217;excellence et orientent nos relations avec nos clients, nos partenaires et entre nous. Elles refl\u00e8tent ce que nous sommes en tant que salari\u00e9s actionnaires, notre fa\u00e7on de collaborer et de proposer des solutions innovantes et sur mesure pour r\u00e9pondre \u00e0 des besoins uniques, tout en favorisant un lieu de travail o\u00f9 les gens s&#8217;\u00e9panouissent :<\/p>\n\n\n\n<ul class=\"wp-block-list\">\n<li><strong>S&#8217;engager pleinement : <\/strong>accorder la priorit\u00e9 \u00e0 nos salari\u00e9s, veiller \u00e0 la r\u00e9ussite de nos clients et renforcer notre impact international et local.<\/li>\n\n\n\n<li><strong>Faire mieux chaque jour :<\/strong> se perfectionner, favoriser l&#8217;\u00e9panouissement personnel et professionnel, se montrer responsable.<\/li>\n\n\n\n<li><strong>Cultiver le respect :<\/strong> consid\u00e9rer autrui, faire preuve d&#8217;humilit\u00e9 et adopter une attitude bienveillante.<\/li>\n\n\n\n<li><strong>R\u00e9ussir ensemble :<\/strong> atteindre un succ\u00e8s partag\u00e9 gr\u00e2ce \u00e0 un engagement des employ\u00e9s, \u00e0 la collaboration et \u00e0 la c\u00e9l\u00e9bration des r\u00e9ussites.\u00a0<\/li>\n<\/ul>\n\n\n\n<h3 class=\"wp-block-heading\">S&#8217;engager pleinement<\/h3>\n\n\n\n<p>Chez Restek, &#8220;s&#8217;engager pleinement&#8221; est plus qu&#8217;une valeur fondamentale, c&#8217;est une fa\u00e7on de travailler qui donne la priorit\u00e9 aux relations humaines. En favorisant un environnement propice, nous permettons \u00e0 chacun de s&#8217;\u00e9panouir et de contribuer de mani\u00e8re significative \u00e0 notre succ\u00e8s commun. Cette attention se retrouve dans la mani\u00e8re dont nous abordons les difficult\u00e9s, en proposant des solutions sur mesure et innovantes qui permettent \u00e0 nos clients et \u00e0 nos partenaires de progresser. Au-del\u00e0 de nos missions, nous sommes profond\u00e9ment engag\u00e9s dans la d\u00e9fense de la sant\u00e9 et de la s\u00e9curit\u00e9 environnementale internationales, et nous encourageons les actions d&#8217;int\u00e9r\u00eat g\u00e9n\u00e9ral dans les territoires o\u00f9 nous sommes implant\u00e9s, pla\u00e7ant ainsi la solidarit\u00e9 au c\u0153ur de toutes nos actions.<\/p>\n\n\n\n<h3 class=\"wp-block-heading\">Faire mieux chaque jour<\/h3>\n\n\n\n<p>&#8220;Faire mieux chaque jour&#8221; refl\u00e8te notre engagement envers nos salari\u00e9s actionnaires, dont l&#8217;\u00e9panouissement personnel et professionnel est une priorit\u00e9, permettant \u00e0 chacun de d\u00e9velopper pleinement son potentiel. Qu&#8217;il s&#8217;agisse de faire \u00e9voluer notre entreprise ou d&#8217;aider les clients \u00e0 r\u00e9ussir, ce principe nous assure de toujours avancer ensemble. Cet \u00e9tat d&#8217;esprit s&#8217;\u00e9tend \u00e0 notre volont\u00e9 de croissance et d&#8217;am\u00e9lioration continues, en nous appuyant sur nos points forts pour obtenir des r\u00e9sultats encore meilleurs. En perfectionnant les proc\u00e9dures, en optimisant les solutions et en encourageant une culture de la responsabilit\u00e9, nous nous effor\u00e7ons de mieux servir nos clients, nos collectivit\u00e9s, nos partenaires et chacun d&#8217;entre nous \u00e0 chaque \u00e9tape.<\/p>\n\n\n\n<h3 class=\"wp-block-heading\">Cultiver le respect<\/h3>\n\n\n\n<p>&#8220;Cultiver le respect&#8221; est au c\u0153ur de notre mode de fonctionnement et de nos relations avec les personnes qui nous entourent. Cela signifie que nous attachons de l&#8217;importance aux opinions de chacun, que nous instaurons un climat de confiance et que nous tissons des liens durables au sein de nos \u00e9quipes, avec nos clients et nos partenaires, et au sein des collectivit\u00e9s dans lesquelles nous \u00e9voluons. En abordant chaque interaction avec empathie, humilit\u00e9 et un authentique souci de compr\u00e9hension, nous cr\u00e9ons un environnement o\u00f9 chacun se sent accueilli, valoris\u00e9, respect\u00e9 et \u00e9cout\u00e9.<\/p>\n\n\n\n<h3 class=\"wp-block-heading\">R\u00e9ussir ensemble<\/h3>\n\n\n\n<p>En tant qu&#8217;entreprise d\u00e9tenue \u00e0 100 % par ses salari\u00e9s, le fait de &#8220;R\u00e9ussir ensemble&#8221; repr\u00e9sente le pouvoir de la coop\u00e9ration, de la responsabilisation et du succ\u00e8s collectif. Pour les salari\u00e9s, cela signifie appartenir \u00e0 une \u00e9quipe o\u00f9 leurs efforts contribuent non seulement \u00e0 la r\u00e9ussite de l&#8217;entreprise, mais leur procurent \u00e9galement des avantages tangibles gr\u00e2ce \u00e0 notre mod\u00e8le d&#8217;actionnariat unique en son genre. Pour vous, clients et partenaires, cela se traduit par votre certitude de collaborer avec une \u00e9quipe qui s&#8217;investit pleinement dans l&#8217;obtention des meilleurs r\u00e9sultats pour votre activit\u00e9. Ensemble, nous c\u00e9l\u00e9brons les accomplissements, reconnaissons la contribution de chacun et favorisons une approche b\u00e9n\u00e9fique \u00e0 tous, qui profite \u00e0 l&#8217;ensemble de la soci\u00e9t\u00e9.<\/p>\n\n\n\n<h2 class=\"wp-block-heading\">Chez Restek, votre avenir vous appartient<\/h2>\n\n\n\n<p>Chez Restek, nous pensons que la cl\u00e9 de la r\u00e9ussite r\u00e9side dans une culture de la responsabilit\u00e9, \u00e0 la fois dans votre travail et dans votre \u00e9volution personnelle. En tant qu&#8217;entreprise d\u00e9tenue \u00e0 100 % par ses employ\u00e9s, nous vous donnons les moyens de prendre en main votre carri\u00e8re, votre bien-\u00eatre et votre avenir financier. Vous pouvez fa\u00e7onner votre propre parcours et vous \u00e9panouir dans un environnement qui valorise l&#8217;\u00e9quilibre entre vie professionnelle et vie priv\u00e9e, le potentiel de d\u00e9veloppement et le succ\u00e8s partag\u00e9.&nbsp;<\/p>\n\n\n\n<p>Rejoignez une \u00e9quipe o\u00f9 votre voix compte, o\u00f9 votre \u00e9volution est soutenue et o\u00f9 vous contribuez directement au succ\u00e8s. <a href=\"https:\/\/www.restek.com\/pages\/careers\" target=\"_blank\" rel=\"noopener\">Cliquez ici pour d\u00e9couvrir les opportunit\u00e9s actuelles<\/a> de faire la diff\u00e9rence et de vous engager professionnellement au sein de Restek. D\u00e9couvrez comment, chez Restek,<em> votre avenir vous appartient<\/em>.<\/p>\n\n\n\n<p><\/p>\n","protected":false},"excerpt":{"rendered":"<p>Notre Mission et Nos Valeurs Restek est une entreprise internationale compos\u00e9s de salari\u00e9s actionnaires, soud\u00e9s par une vision commune : avoir un impact positif sur le monde. Notre but consiste&#8230;<\/p>\n","protected":false},"author":5,"featured_media":26496,"parent":0,"menu_order":0,"comment_status":"closed","ping_status":"closed","template":"","meta":{"_acf_changed":false,"_kad_blocks_custom_css":"","_kad_blocks_head_custom_js":"","_kad_blocks_body_custom_js":"","_kad_blocks_footer_custom_js":"","_kadence_starter_templates_imported_post":false,"_kad_post_transparent":"","_kad_post_title":"","_kad_post_layout":"","_kad_post_sidebar_id":"","_kad_post_content_style":"","_kad_post_vertical_padding":"","_kad_post_feature":"","_kad_post_feature_position":"","_kad_post_header":false,"_kad_post_footer":false,"footnotes":""},"class_list":["post-55405","page","type-page","status-publish","has-post-thumbnail","hentry"],"acf":[],"taxonomy_info":[],"featured_image_src_large":["https:\/\/discover.restek.com\/wp-content\/uploads\/header-article-GNOT3452-core-values-1024x284.jpg",1024,284,true],"author_info":{"display_name":"Brenda Cogan","author_link":"https:\/\/discover.restek.com\/fr\/author\/brenda-coganrestek-com\/"},"comment_info":0,"_links":{"self":[{"href":"https:\/\/discover.restek.com\/fr\/wp-json\/wp\/v2\/pages\/55405","targetHints":{"allow":["GET"]}}],"collection":[{"href":"https:\/\/discover.restek.com\/fr\/wp-json\/wp\/v2\/pages"}],"about":[{"href":"https:\/\/discover.restek.com\/fr\/wp-json\/wp\/v2\/types\/page"}],"author":[{"embeddable":true,"href":"https:\/\/discover.restek.com\/fr\/wp-json\/wp\/v2\/users\/5"}],"replies":[{"embeddable":true,"href":"https:\/\/discover.restek.com\/fr\/wp-json\/wp\/v2\/comments?post=55405"}],"version-history":[{"count":1,"href":"https:\/\/discover.restek.com\/fr\/wp-json\/wp\/v2\/pages\/55405\/revisions"}],"predecessor-version":[{"id":55406,"href":"https:\/\/discover.restek.com\/fr\/wp-json\/wp\/v2\/pages\/55405\/revisions\/55406"}],"wp:featuredmedia":[{"embeddable":true,"href":"https:\/\/discover.restek.com\/fr\/wp-json\/wp\/v2\/media\/26496"}],"wp:attachment":[{"href":"https:\/\/discover.restek.com\/fr\/wp-json\/wp\/v2\/media?parent=55405"}],"curies":[{"name":"wp","href":"https:\/\/api.w.org\/{rel}","templated":true}]}}