{"id":55420,"date":"2024-05-06T14:17:16","date_gmt":"2024-05-06T14:17:16","guid":{"rendered":"https:\/\/discover.restek.com\/?page_id=55420"},"modified":"2025-12-24T00:09:00","modified_gmt":"2025-12-24T00:09:00","slug":"declaration-a-propos-de-lesclavage-moderne","status":"publish","type":"page","link":"https:\/\/discover.restek.com\/fr\/declaration-a-propos-de-lesclavage-moderne\/","title":{"rendered":"D\u00e9claration \u00e0 propos de l\u2019esclavage moderne"},"content":{"rendered":"\n<h1 class=\"wp-block-heading\">D\u00e9claration \u00e0 propos de l\u2019esclavage moderne<\/h1>\n\n\n\n<p>L\u2019esclavage moderne inclut tous les types d\u2019esclavage, de servitude, de travail forc\u00e9 et de traite des \u00eatres humains. Chez Restek, nous avons conscience de ce probl\u00e8me grandissant et nous le prenons tr\u00e8s au s\u00e9rieux. Restek s\u2019oppose \u00e0 l\u2019esclavage moderne sous toutes ses formes et applique le principe de &#8220;tol\u00e9rance z\u00e9ro&#8221; \u00e0 tous les niveaux de son activit\u00e9 et de sa cha\u00eene logistique. Restek applique des mesures pour s\u2019assurer que les organismes de sa cha\u00eene logistique ont bonne r\u00e9putation et respectent les lois applicables, y compris celles qui ont trait \u00e0 l\u2019esclavage moderne et \u00e0 la traite des \u00eatres humains.<\/p>\n\n\n\n<p>Restek est d\u00e9tenue \u00e0 100% par ses salari\u00e9s. C\u2019est l\u2019un des principaux d\u00e9veloppeurs et fabricants de colonnes de chromatographie, de produits pour la pr\u00e9paration et le pr\u00e9l\u00e8vement d\u2019\u00e9chantillons, d\u2019\u00e9talons certifi\u00e9s et d\u2019accessoires pour les instruments. Restek dispose de bureaux de vente directe en Chine, en France, en Allemagne, en Italie, au Japon, au Royaume-Uni et en Espagne, ainsi qu&#8217;un r\u00e9seau de distribution au service des analystes de plus de 100 pays \u00e0 travers les six continents. Restek a \u00e9t\u00e9 cr\u00e9\u00e9e en 1985 avant de se d\u00e9velopper pour devenir un organisme mondial ayant des employ\u00e9s dans le monde entier. Les cha\u00eenes logistiques mondiales de Restek et ses divers fournisseurs lui permettent de proposer \u00e0 ses clients des biens et des services de grande qualit\u00e9.<\/p>\n\n\n\n<p>Les mesures mises en place par Restek pour lutter contre l\u2019esclavage moderne et la traite des \u00eatres humains comprennent les \u00e9l\u00e9ments suivants :<\/p>\n\n\n\n<ul class=\"wp-block-list\">\n<li>Une clause de conformit\u00e9 aux lois contre l\u2019esclavage moderne et la traite des \u00eatres humains est incluse dans les accords et les contrats d\u2019approvisionnement.<\/li>\n\n\n\n<li>Lors du processus de certification des nouveaux fournisseurs, ces derniers ont l\u2019obligation de remplir un questionnaire contenant un engagement \u00e0 \u00e9valuer leurs propres op\u00e9rations et leur cha\u00eene logistique pour rep\u00e9rer les indices \u00e9voquant l\u2019esclavage moderne, et \u00e0 prendre des mesures appropri\u00e9es en cas de probl\u00e8me.<\/li>\n\n\n\n<li>Tout fournisseur recevant des bons de commande de Restek doit respecter nos Conditions g\u00e9n\u00e9rales, lesquelles exigent le respect des lois et obligations de lutte contre l\u2019esclavage moderne et la traite des \u00eatres humains.<\/li>\n\n\n\n<li>Restek organise des audits de qualit\u00e9 p\u00e9riodiques chez ses principaux fournisseurs. Ces audits incluent des entretiens avec les ouvriers et la direction, une inspection des installations de production et une \u00e9tude de la documentation. Si des probl\u00e8mes sont rep\u00e9r\u00e9s, Restek exige du fournisseur qu\u2019il am\u00e9liore la situation et r\u00e9solve ces probl\u00e8mes imm\u00e9diatement. \u00c0 d\u00e9faut de rectification dans un d\u00e9lai raisonnable, la relation est r\u00e9\u00e9valu\u00e9e et peut-\u00eatre termin\u00e9e.<\/li>\n\n\n\n<li>Restek effectue annuellement une inspection et une \u00e9valuation des risques au sein du processus d\u2019approvisionnement et des fournisseurs en exercice pour v\u00e9rifier que l\u2019approvisionnement n\u2019a pas lieu aupr\u00e8s de fournisseurs douteux ou de r\u00e9gions douteuses.<\/li>\n\n\n\n<li>Restek forme ses employ\u00e9s du monde entier pour les sensibiliser aux risques et aux impacts de l\u2019esclavage moderne et de la traite des \u00eatres humains dans ses propres op\u00e9rations et dans celles de ses fournisseurs.<\/li>\n<\/ul>\n\n\n\n<p>Cette d\u00e9claration a \u00e9t\u00e9 approuv\u00e9e par le conseil d\u2019administration de Restek Corporation, et le conseil a autoris\u00e9 Bill Arrowsmith (PDG) \u00e0 signer la d\u00e9claration au nom de Restek Corporation.<\/p>\n\n\n\n<figure class=\"wp-block-image size-medium\"><img loading=\"lazy\" decoding=\"async\" width=\"300\" height=\"68\" src=\"https:\/\/discover.restek.com\/wp-content\/uploads\/\/signature-arrowsmith-bill-300x68.png\" alt=\"\" class=\"wp-image-28698\" title=\"-\" srcset=\"https:\/\/discover.restek.com\/wp-content\/uploads\/signature-arrowsmith-bill-300x68.png 300w, https:\/\/discover.restek.com\/wp-content\/uploads\/signature-arrowsmith-bill-1024x233.png 1024w, https:\/\/discover.restek.com\/wp-content\/uploads\/signature-arrowsmith-bill-768x175.png 768w, https:\/\/discover.restek.com\/wp-content\/uploads\/signature-arrowsmith-bill.png 1296w\" sizes=\"auto, (max-width: 300px) 100vw, 300px\" \/><\/figure>\n\n\n\n<p>Bill Arrowsmith<br>President &amp; CEO<\/p>\n\n\n\n<p><\/p>\n","protected":false},"excerpt":{"rendered":"<p>D\u00e9claration \u00e0 propos de l\u2019esclavage moderne L\u2019esclavage moderne inclut tous les types d\u2019esclavage, de servitude, de travail forc\u00e9 et de traite des \u00eatres humains. Chez Restek, nous avons conscience de&#8230;<\/p>\n","protected":false},"author":5,"featured_media":0,"parent":0,"menu_order":0,"comment_status":"closed","ping_status":"closed","template":"","meta":{"_acf_changed":false,"_kad_blocks_custom_css":"","_kad_blocks_head_custom_js":"","_kad_blocks_body_custom_js":"","_kad_blocks_footer_custom_js":"","_kadence_starter_templates_imported_post":false,"_kad_post_transparent":"","_kad_post_title":"hide","_kad_post_layout":"","_kad_post_sidebar_id":"","_kad_post_content_style":"","_kad_post_vertical_padding":"","_kad_post_feature":"","_kad_post_feature_position":"","_kad_post_header":false,"_kad_post_footer":false,"footnotes":""},"class_list":["post-55420","page","type-page","status-publish","hentry"],"acf":[],"taxonomy_info":[],"featured_image_src_large":false,"author_info":{"display_name":"Brenda Cogan","author_link":"https:\/\/discover.restek.com\/fr\/author\/brenda-coganrestek-com\/"},"comment_info":0,"_links":{"self":[{"href":"https:\/\/discover.restek.com\/fr\/wp-json\/wp\/v2\/pages\/55420","targetHints":{"allow":["GET"]}}],"collection":[{"href":"https:\/\/discover.restek.com\/fr\/wp-json\/wp\/v2\/pages"}],"about":[{"href":"https:\/\/discover.restek.com\/fr\/wp-json\/wp\/v2\/types\/page"}],"author":[{"embeddable":true,"href":"https:\/\/discover.restek.com\/fr\/wp-json\/wp\/v2\/users\/5"}],"replies":[{"embeddable":true,"href":"https:\/\/discover.restek.com\/fr\/wp-json\/wp\/v2\/comments?post=55420"}],"version-history":[{"count":5,"href":"https:\/\/discover.restek.com\/fr\/wp-json\/wp\/v2\/pages\/55420\/revisions"}],"predecessor-version":[{"id":77280,"href":"https:\/\/discover.restek.com\/fr\/wp-json\/wp\/v2\/pages\/55420\/revisions\/77280"}],"wp:attachment":[{"href":"https:\/\/discover.restek.com\/fr\/wp-json\/wp\/v2\/media?parent=55420"}],"curies":[{"name":"wp","href":"https:\/\/api.w.org\/{rel}","templated":true}]}}