{"id":54984,"date":"2025-07-15T13:40:06","date_gmt":"2025-07-15T13:40:06","guid":{"rendered":"https:\/\/discover.restek.com\/?page_id=54984"},"modified":"2025-12-22T23:10:12","modified_gmt":"2025-12-22T23:10:12","slug":"benvenuti-in-restek","status":"publish","type":"page","link":"https:\/\/discover.restek.com\/it\/benvenuti-in-restek\/","title":{"rendered":"Benvenuti in Restek"},"content":{"rendered":"\n<div class=\"wp-block-group\"><div class=\"wp-block-group__inner-container is-layout-constrained wp-block-group-is-layout-constrained\"><div class=\"wp-block-image standard-page-hero-banner\">\n<figure class=\"aligncenter size-large\"><img loading=\"lazy\" decoding=\"async\" width=\"1024\" height=\"191\" src=\"https:\/\/discover.restek.com\/wp-content\/uploads\/\/page-banner-about-us-image-1024x191.jpg\" alt=\"\" class=\"wp-image-61270\" title=\"-\" srcset=\"https:\/\/discover.restek.com\/wp-content\/uploads\/page-banner-about-us-image-1024x191.jpg 1024w, https:\/\/discover.restek.com\/wp-content\/uploads\/page-banner-about-us-image-300x56.jpg 300w, https:\/\/discover.restek.com\/wp-content\/uploads\/page-banner-about-us-image-768x143.jpg 768w, https:\/\/discover.restek.com\/wp-content\/uploads\/page-banner-about-us-image-1536x286.jpg 1536w, https:\/\/discover.restek.com\/wp-content\/uploads\/page-banner-about-us-image.jpg 1920w\" sizes=\"auto, (max-width: 1024px) 100vw, 1024px\" \/><\/figure>\n<\/div>\n\n<\/div><\/div>\n\n\n\n<h1 class=\"wp-block-heading\">Benvenuti in Restek<\/h1>\n\n\n\n<p>Sin dalla fondazione, avvenuta nel 1985, siamo uno sviluppatore e produttore leader di colonne e accessori per la cromatografia, prodotti per la preparazione e raccolta dei campioni, e standard di riferimento. Lavoriamo con analisti di tutto il mondo, fornendo loro gli strumenti per monitorare la qualit\u00e0 dell\u2019aria, dell\u2019acqua, del suolo, degli alimenti, dei preparati vegetali e dei prodotti farmaceutici, chimici e petroliferi.<\/p>\n\n\n\n<p>La scienza e la creazione di prodotti innovativi per un\u2019eccellente cromatografia sono la nostra passione.&nbsp; Mettiamo lo stesso impegno anche nell\u2019offrire un customer service eccellente, che superi le aspettative del cliente. Il nostro fondatore l\u2019ha definito il servizio \u201cPlus 1\u201d, un\u2019espressione che usiamo ancora oggi e che ci aiuta nella missione di essere la vostra prima e migliore scelta per la cromatografia.<\/p>\n\n\n\n<p>Restek \u00e8 una societ\u00e0 al 100% di propriet\u00e0 dei dipendenti, con una lunga&nbsp;<a href=\"https:\/\/www.restek.com\/pages\/la-storia-di-restek\/\" target=\"_blank\" rel=\"noopener\">storia<\/a>&nbsp;e una solida&nbsp;<a href=\"https:\/\/www.restek.com\/pages\/la-filosofia-e-la-cultura-di-restek\/\" target=\"_blank\" rel=\"noopener\">cultura<\/a>&nbsp;aziendale. Siamo indipendenti; ci\u00f2 significa che non siamo vincolati a strumenti di un marchio specifico. Siamo pronti ad aiutarvi per ottenere il massimo dal vostro cromatografo, che si tratti di uno strumento ormai collaudato o del vostro ultimo investimento. Ci dedichiamo a tutti i nostri clienti in egual misura, e apprezziamo la fedelt\u00e0 che ci dimostrate ogni volta che scegliete Restek.<\/p>\n\n\n\n<p>Abbiamo diversi&nbsp;<a href=\"https:\/\/www.restek.com\/pages\/sedi-e-strutture-restek\/\" data-type=\"link\" data-id=\"https:\/\/www.restek.com\/pages\/sedi-e-strutture-restek\/\" target=\"_blank\" rel=\"noopener\">uffici in tutto il mondo<\/a>&nbsp;e queste prospettive uniche sono la forza della nostra azienda, ma ci sono anche tratti comuni che non dipendono da dove vivete o dal rapporto che avete con Restek. Siamo orgogliosi di offrire la miglior customer experience a tutti gli analisti con cui lavoriamo. Ovunque vi troviate, siamo pronti a costruire una partnership duratura con voi e con il vostro laboratorio, offrendovi prodotti di eccellente qualit\u00e0, frutto della competenza di personale esperto e con un servizio tecnico di prim\u2019ordine.<\/p>\n\n\n\n<p>Il lavoro dei nostri clienti rende il mondo un posto pi\u00f9 sano e pi\u00f9 sicuro. Avere la possibilit\u00e0 di aiutarvi a fare la differenza \u00e8 per noi motivo di entusiasmo e gratitudine.&nbsp;<a href=\"https:\/\/www.restek.com\/contact-us\" target=\"_blank\" rel=\"noopener\">Contattate<\/a>&nbsp;oggi stesso l\u2019ufficio o il&nbsp;<a href=\"https:\/\/www.restek.com\/distributors-locator\" target=\"_blank\" rel=\"noopener\">distributore<\/a>&nbsp;Restek pi\u00f9 vicino a voi per avere maggiori informazioni in merito.<\/p>\n\n\n\n<p>Siete gi\u00e0 nostri clienti? Vi&nbsp;<a href=\"https:\/\/www.restek.com\/pages\/benvenuti-in-restek\" target=\"_blank\" rel=\"noopener\">invitiamo<\/a>&nbsp;a condividere la vostra esperienza. Il vostro feedback \u00e8 per noi occasione di continuo miglioramento, quindi non esitate a condividere le vostre opinioni.<\/p>\n\n\n\n<p>Grazie per aver scelto Restek.<\/p>\n\n\n\n<p><\/p>\n","protected":false},"excerpt":{"rendered":"<p>Benvenuti in Restek Sin dalla fondazione, avvenuta nel 1985, siamo uno sviluppatore e produttore leader di colonne e accessori per la cromatografia, prodotti per la preparazione e raccolta dei campioni,&#8230;<\/p>\n","protected":false},"author":5,"featured_media":0,"parent":0,"menu_order":0,"comment_status":"closed","ping_status":"closed","template":"","meta":{"_acf_changed":false,"_kad_blocks_custom_css":"","_kad_blocks_head_custom_js":"","_kad_blocks_body_custom_js":"","_kad_blocks_footer_custom_js":"","_kadence_starter_templates_imported_post":false,"_kad_post_transparent":"","_kad_post_title":"hide","_kad_post_layout":"","_kad_post_sidebar_id":"","_kad_post_content_style":"","_kad_post_vertical_padding":"","_kad_post_feature":"","_kad_post_feature_position":"","_kad_post_header":false,"_kad_post_footer":false,"footnotes":""},"class_list":["post-54984","page","type-page","status-publish","hentry"],"acf":[],"taxonomy_info":[],"featured_image_src_large":false,"author_info":{"display_name":"Brenda Cogan","author_link":"https:\/\/discover.restek.com\/it\/author\/brenda-coganrestek-com\/"},"comment_info":0,"_links":{"self":[{"href":"https:\/\/discover.restek.com\/it\/wp-json\/wp\/v2\/pages\/54984","targetHints":{"allow":["GET"]}}],"collection":[{"href":"https:\/\/discover.restek.com\/it\/wp-json\/wp\/v2\/pages"}],"about":[{"href":"https:\/\/discover.restek.com\/it\/wp-json\/wp\/v2\/types\/page"}],"author":[{"embeddable":true,"href":"https:\/\/discover.restek.com\/it\/wp-json\/wp\/v2\/users\/5"}],"replies":[{"embeddable":true,"href":"https:\/\/discover.restek.com\/it\/wp-json\/wp\/v2\/comments?post=54984"}],"version-history":[{"count":4,"href":"https:\/\/discover.restek.com\/it\/wp-json\/wp\/v2\/pages\/54984\/revisions"}],"predecessor-version":[{"id":76627,"href":"https:\/\/discover.restek.com\/it\/wp-json\/wp\/v2\/pages\/54984\/revisions\/76627"}],"wp:attachment":[{"href":"https:\/\/discover.restek.com\/it\/wp-json\/wp\/v2\/media?parent=54984"}],"curies":[{"name":"wp","href":"https:\/\/api.w.org\/{rel}","templated":true}]}}