{"id":55106,"date":"2025-07-16T23:07:54","date_gmt":"2025-07-16T23:07:54","guid":{"rendered":"https:\/\/discover.restek.com\/?page_id=55106"},"modified":"2025-12-24T00:18:57","modified_gmt":"2025-12-24T00:18:57","slug":"credenziali-di-qualita-iso","status":"publish","type":"page","link":"https:\/\/discover.restek.com\/it\/credenziali-di-qualita-iso\/","title":{"rendered":"Credenziali di qualit\u00e0 ISO"},"content":{"rendered":"\n<div class=\"wp-block-group\"><div class=\"wp-block-group__inner-container is-layout-constrained wp-block-group-is-layout-constrained\"><div class=\"wp-block-image standard-page-hero-banner\">\n<figure class=\"aligncenter size-large\"><img loading=\"lazy\" decoding=\"async\" width=\"1024\" height=\"191\" src=\"https:\/\/discover.restek.com\/wp-content\/uploads\/\/page-banner-iso-quality-credentials-image-1024x191.jpg\" alt=\"\" class=\"wp-image-61282\" title=\"-\" srcset=\"https:\/\/discover.restek.com\/wp-content\/uploads\/page-banner-iso-quality-credentials-image-1024x191.jpg 1024w, https:\/\/discover.restek.com\/wp-content\/uploads\/page-banner-iso-quality-credentials-image-300x56.jpg 300w, https:\/\/discover.restek.com\/wp-content\/uploads\/page-banner-iso-quality-credentials-image-768x143.jpg 768w, https:\/\/discover.restek.com\/wp-content\/uploads\/page-banner-iso-quality-credentials-image-1536x286.jpg 1536w, https:\/\/discover.restek.com\/wp-content\/uploads\/page-banner-iso-quality-credentials-image.jpg 1920w\" sizes=\"auto, (max-width: 1024px) 100vw, 1024px\" \/><\/figure>\n<\/div>\n\n<\/div><\/div>\n\n\n\n<h1 class=\"wp-block-heading\">Credenziali di qualit\u00e0 ISO<\/h1>\n\n\n\n<p>I laboratori di analisi CQ e di produzione degli standard di riferimento di Restek di Bellefonte, PA (USA), possiedono gli accreditamenti ISO 17034 e ISO\/IEC 17025. Emessi dall&#8217;American Association for Laboratory Accreditation (A2LA), questi accreditamenti, nonch\u00e9 l&#8217;iscrizione ai sensi dell&#8217;ISO 9001, mantenuti dal 1994, fungono da riconoscimento del soddisfacimento degli standard di qualit\u00e0 stabiliti dall&#8217;Organizzazione internazionale per la normazione (ISO) di Restek e dei propri laboratori.<\/p>\n\n\n\n<p>Sia che dobbiate utilizzare o meno materiali di riferimento certificati (CRM) da un laboratorio accreditato potrete reperire i vostri standard di riferimento di origine primaria o secondaria presso Restek e beneficiare dell&#8217;eccellente qualit\u00e0 del prodotto e dell&#8217;assistenza clienti necessari per soddisfare le severe linee guida dell&#8217;ISO. Oltre a un&#8217;ampia gamma di prodotti a magazzino e pronti per la spedizione, anche le soluzioni personalizzate di Restek rientrano nei propri accreditamenti ISO. Soddisfate tutte le vostre esigenze in merito ai materiali di riferimento certificatai e ordinate colonne LC e GC, materiali per la preparazione del campione e accessori, avvalendovi di un unico fornitore affidabile!<\/p>\n\n\n\n<p>Ottenete ulteriori informazioni sulle credenziali ISO di Restek sotto e visualizzate i certificati (inclusi gli ambiti di accreditamento). In caso di domande, contattate il numero 02-7610037. Per saperne di pi\u00f9 sugli standard Restek visita la pagina<a href=\"https:\/\/www.restek.com\/articles\/standard-di-riferimento-restek\" data-type=\"link\" data-id=\"https:\/\/www.restek.com\/articles\/standard-di-riferimento-restek\" target=\"_blank\" rel=\"noopener\"> www.restek.com\/standards<\/a> .<\/p>\n\n\n\n<h2 class=\"wp-block-heading\">ISO 9001:2015<\/h2>\n\n\n\n<p>L&#8217;ISO 9001 \u00e8 uno standard riconosciuto a livello internazionale per la gestione della qualit\u00e0 generale che prescrive controlli sistematici per garantire che prodotti e servizi rispondano continuamente alle esigenze e alle aspettative dei clienti. Per soddisfare le linee guida ISO 9001, le aziende devono adottare procedure scritte standard (SOP) e produrre documenti completamente rintracciabili per i prodotti dall&#8217;inizio della fabbricazione fino alla distribuzione. Restek ha ulteriormente applicato lo standard ISO 9001 creando sistemi per il riscontro dei clienti e l&#8217;assistenza clienti nonch\u00e9 per l&#8217;acquisizione di azioni correttive e preventive.<\/p>\n\n\n\n<div data-wp-interactive=\"core\/file\" class=\"wp-block-file\"><object data-wp-bind--hidden=\"!state.hasPdfPreview\" hidden class=\"wp-block-file__embed\" data=\"https:\/\/discover.restek.com\/wp-content\/uploads\/iso-certificate-9001-2015.pdf\" type=\"application\/pdf\" style=\"width:100%;height:600px\" aria-label=\"Embed of iso-certificate-9001-2015.\"><\/object><a id=\"wp-block-file--media-a2ef6df0-06c1-4936-9e74-e1187b7fc186\" href=\"https:\/\/discover.restek.com\/wp-content\/uploads\/iso-certificate-9001-2015.pdf\">iso-certificate-9001-2015<\/a><a href=\"https:\/\/discover.restek.com\/wp-content\/uploads\/iso-certificate-9001-2015.pdf\" class=\"wp-block-file__button wp-element-button\" aria-describedby=\"wp-block-file--media-a2ef6df0-06c1-4936-9e74-e1187b7fc186\" download>Download<\/a><\/div>\n\n\n\n<h2 class=\"wp-block-heading\">ISO\/IEC 17025:2017<\/h2>\n\n\n\n<p>L&#8217;ISO\/IEC 17025 si applica ampiamente a qualsiasi laboratorio di taratura e analisi. Per ottenere e mantenere l&#8217;accreditamento, il laboratorio degli standard di riferimento di Restek deve dimostrare che le proprie procedure di test analitico forniscono risultati coerenti e validi e assicurano la massima qualit\u00e0 possibile, dalla purezza della materia prima al prodotto finale. \u00c8 anche necessario avvalersi di sistemi per il miglioramento continuo delle procedure di analisi in base al riscontro del cliente e del dipendente. Restek ha dimostrato la sua competenza tecnica e ha ottenuto l&#8217;accreditamento alla ISO\/IEC 17025 generando ripetutamente e in modo affidabile eccezionali risultati dei test.<\/p>\n\n\n\n<div data-wp-interactive=\"core\/file\" class=\"wp-block-file\"><object data-wp-bind--hidden=\"!state.hasPdfPreview\" hidden class=\"wp-block-file__embed\" data=\"https:\/\/discover.restek.com\/wp-content\/uploads\/3222-02-ISO-IEC-17025-2017-Scope-of-Accreditation-Jan-2026.pdf\" type=\"application\/pdf\" style=\"width:100%;height:600px\" aria-label=\"Embed of ISO-IEC 17025 certificate 3222-02 _valid until 12-31-2025.\"><\/object><a id=\"wp-block-file--media-5ff68ea5-b9ce-4620-ba10-a1889dd0df48\" href=\"https:\/\/discover.restek.com\/wp-content\/uploads\/3222-02-ISO-IEC-17025-2017-Scope-of-Accreditation-Jan-2026.pdf\">ISO-IEC 17025 certificate 3222-02 _valid until 12-31-2025<\/a><a href=\"https:\/\/discover.restek.com\/wp-content\/uploads\/3222-02-ISO-IEC-17025-2017-Scope-of-Accreditation-Jan-2026.pdf\" class=\"wp-block-file__button wp-element-button\" aria-describedby=\"wp-block-file--media-5ff68ea5-b9ce-4620-ba10-a1889dd0df48\" download>Download<\/a><\/div>\n\n\n\n<h2 class=\"wp-block-heading\">ISO 17034:2016<\/h2>\n\n\n\n<p>La ISO 17034 tratta nello specifico i produttori di standard di riferimento, occupandosi non solo dei sistemi di qualit\u00e0 utilizzati durante la produzione, ma anche della determinazione dei livelli di incertezza associati a tutti i valori riportati sul certificato di uno standard. Restek ha condotto ampi studi su gravimetria, omogeneit\u00e0 tra ampolle, stabilit\u00e0 di conservazione e incertezze sulla stabilit\u00e0 di spedizione. Inoltre, per tutti gli standard di riferimento prodotti, il laboratorio di Restek segnala un&#8217;incertezza combinata che copre produzione, analisi, conservazione e spedizione, facendo in modo che l&#8217;accreditamento copra le soluzioni in magazzino e quelle personalizzate. Restek ha dimostrato il suo impegno verso l&#8217;offerta di materiali di riferimento certificati di qualit\u00e0 superiore perseguendo e ottenendo l&#8217;accreditamento secondo la ISO 17034 che, se combinato con l&#8217;iscrizione alla ISO 9001 e l&#8217;accreditamento ISO\/IEC 17025, simbolizza il livello pi\u00f9 elevato possibile di traguardi per un fornitore di standard di riferimento.<\/p>\n\n\n\n<div data-wp-interactive=\"core\/file\" class=\"wp-block-file\"><object data-wp-bind--hidden=\"!state.hasPdfPreview\" hidden class=\"wp-block-file__embed\" data=\"https:\/\/discover.restek.com\/wp-content\/uploads\/3222-01-17034-2016-Scope-of-Accreditation-Jan-2026-1.pdf\" type=\"application\/pdf\" style=\"width:100%;height:600px\" aria-label=\"Embed of ISO 17034 certificate 3222-01_valid until 12-31-2025.\"><\/object><a id=\"wp-block-file--media-eb5876e5-3dab-4558-a87b-d2fc3026afa6\" href=\"https:\/\/discover.restek.com\/wp-content\/uploads\/3222-01-17034-2016-Scope-of-Accreditation-Jan-2026-1.pdf\">ISO 17034 certificate 3222-01_valid until 12-31-2025<\/a><a href=\"https:\/\/discover.restek.com\/wp-content\/uploads\/3222-01-17034-2016-Scope-of-Accreditation-Jan-2026-1.pdf\" class=\"wp-block-file__button wp-element-button\" aria-describedby=\"wp-block-file--media-eb5876e5-3dab-4558-a87b-d2fc3026afa6\" download>Download<\/a><\/div>\n\n\n\n<p><\/p>\n\n\n\n<p>Clicca qui per maggiori approfondimenti sugli Standard di riferimento di Restek <a href=\"https:\/\/www.restek.com\/articles\/standard-di-riferimento-restek\" data-type=\"link\" data-id=\"https:\/\/www.restek.com\/articles\/standard-di-riferimento-restek\" target=\"_blank\" rel=\"noopener\">www.restek.com\/standards<\/a><\/p>\n\n\n\n<p><\/p>\n","protected":false},"excerpt":{"rendered":"<p>Credenziali di qualit\u00e0 ISO I laboratori di analisi CQ e di produzione degli standard di riferimento di Restek di Bellefonte, PA (USA), possiedono gli accreditamenti ISO 17034 e ISO\/IEC 17025&#8230;.<\/p>\n","protected":false},"author":5,"featured_media":7283,"parent":0,"menu_order":0,"comment_status":"closed","ping_status":"closed","template":"","meta":{"_acf_changed":false,"_kad_blocks_custom_css":"","_kad_blocks_head_custom_js":"","_kad_blocks_body_custom_js":"","_kad_blocks_footer_custom_js":"","_kadence_starter_templates_imported_post":false,"_kad_post_transparent":"","_kad_post_title":"hide","_kad_post_layout":"","_kad_post_sidebar_id":"","_kad_post_content_style":"","_kad_post_vertical_padding":"","_kad_post_feature":"","_kad_post_feature_position":"","_kad_post_header":false,"_kad_post_footer":false,"footnotes":""},"class_list":["post-55106","page","type-page","status-publish","has-post-thumbnail","hentry"],"acf":[],"taxonomy_info":[],"featured_image_src_large":["https:\/\/discover.restek.com\/wp-content\/uploads\/feature-GNOT3423-1024x536.jpg",1024,536,true],"author_info":{"display_name":"Brenda Cogan","author_link":"https:\/\/discover.restek.com\/it\/author\/brenda-coganrestek-com\/"},"comment_info":0,"_links":{"self":[{"href":"https:\/\/discover.restek.com\/it\/wp-json\/wp\/v2\/pages\/55106","targetHints":{"allow":["GET"]}}],"collection":[{"href":"https:\/\/discover.restek.com\/it\/wp-json\/wp\/v2\/pages"}],"about":[{"href":"https:\/\/discover.restek.com\/it\/wp-json\/wp\/v2\/types\/page"}],"author":[{"embeddable":true,"href":"https:\/\/discover.restek.com\/it\/wp-json\/wp\/v2\/users\/5"}],"replies":[{"embeddable":true,"href":"https:\/\/discover.restek.com\/it\/wp-json\/wp\/v2\/comments?post=55106"}],"version-history":[{"count":4,"href":"https:\/\/discover.restek.com\/it\/wp-json\/wp\/v2\/pages\/55106\/revisions"}],"predecessor-version":[{"id":77303,"href":"https:\/\/discover.restek.com\/it\/wp-json\/wp\/v2\/pages\/55106\/revisions\/77303"}],"wp:featuredmedia":[{"embeddable":true,"href":"https:\/\/discover.restek.com\/it\/wp-json\/wp\/v2\/media\/7283"}],"wp:attachment":[{"href":"https:\/\/discover.restek.com\/it\/wp-json\/wp\/v2\/media?parent=55106"}],"curies":[{"name":"wp","href":"https:\/\/api.w.org\/{rel}","templated":true}]}}