{"id":1921,"date":"2024-05-06T14:17:16","date_gmt":"2024-05-06T14:17:16","guid":{"rendered":"https:\/\/live-discover-restek.pantheonsite.io\/?page_id=1921"},"modified":"2026-05-13T08:12:21","modified_gmt":"2026-05-13T08:12:21","slug":"declaracion-sobre-esclavitud-moderna","status":"publish","type":"page","link":"https:\/\/discover.restek.com\/ja\/declaracion-sobre-esclavitud-moderna\/","title":{"rendered":"Declaraci\u00f3n sobre Esclavitud Moderna"},"content":{"rendered":"\n<h1 class=\"wp-block-heading\">Declaraci\u00f3n sobre Esclavitud Moderna<\/h1>\n\n\n\n<p>La esclavitud moderna engloba todos los tipos de esclavitud, servidumbre, trabajo forzoso y trata de personas. Restek es consciente de estos problemas crecientes y los toma muy en serio. Restek se opone a la esclavitud moderna en todas sus formas y aplica una pol\u00edtica de tolerancia cero en todas las partes de su negocio y cadena de suministro. Restek adopta medidas para garantizar que las organizaciones de su cadena de suministro sean reputadas y cumplan con todas las leyes aplicables, incluidas las relacionadas con la esclavitud moderna y la trata de personas.<\/p>\n\n\n\n<p>Restek es una empresa de propiedad \u00edntegramente de sus empleados. Es un destacado desarrollador y fabricante de columnas de cromatograf\u00eda, productos de preparaci\u00f3n y recolecci\u00f3n de muestras, patrones de referencia y accesorios para instrumentos. Restek cuenta con oficinas de venta directa en China, Francia, Alemania, Italia, Jap\u00f3n, Reino Unido y Espa\u00f1a, as\u00ed como una red de distribuci\u00f3n que da servicio a analistas en m\u00e1s de 100 pa\u00edses de los seis continentes. Restek fue fundada en 1985 y ha crecido con \u00e9xito hasta convertirse en una organizaci\u00f3n global con empleados en todo el mundo. Las cadenas de suministro globales y los diversos proveedores de Restek le permiten ofrecer a nuestros clientes bienes y servicios de alta calidad.<\/p>\n\n\n\n<p>Las medidas adoptadas por Restek para combatir la esclavitud moderna y la trata de personas incluyen:<\/p>\n\n\n\n<ul class=\"wp-block-list\">\n<li>Los acuerdos y contratos de suministro incluyen una cl\u00e1usula de cumplimiento en materia de esclavitud y trata de personas.<\/li>\n\n\n\n<li>Durante el proceso de certificaci\u00f3n de nuevos proveedores, se les exige completar un cuestionario que incluye el compromiso de evaluar sus propias operaciones y cadena de suministro en busca de indicios de esclavitud moderna y de adoptar las medidas oportunas si se identifican problemas.<\/li>\n\n\n\n<li>Todos los proveedores que reciban \u00f3rdenes de compra de Restek deber\u00e1n cumplir con nuestros T\u00e9rminos y Condiciones, que incluyen el cumplimiento de las leyes y obligaciones en materia de esclavitud moderna y trata de personas.<\/li>\n\n\n\n<li>Restek realiza peri\u00f3dicamente auditor\u00edas de calidad a sus proveedores clave. Dichas auditor\u00edas incluyen entrevistas con trabajadores y direcci\u00f3n, inspecci\u00f3n de las instalaciones de producci\u00f3n y revisi\u00f3n de documentaci\u00f3n. Si se identifican problemas, Restek exigir\u00e1 al proveedor que mejore y resuelva la situaci\u00f3n de inmediato. Si no se subsanan en el plazo establecido, la relaci\u00f3n ser\u00e1 reevaluada y posiblemente rescindida.<\/li>\n\n\n\n<li>Restek lleva a cabo una revisi\u00f3n anual y una evaluaci\u00f3n de riesgos del proceso de aprovisionamiento y de los proveedores actuales para garantizar que no se abastece de proveedores o regiones sospechosas.<\/li>\n\n\n\n<li>Restek imparte formaci\u00f3n de sensibilizaci\u00f3n a todos sus empleados en todo el mundo para garantizar la comprensi\u00f3n del riesgo e impacto de la esclavitud y la trata de personas en sus propias operaciones y en las de sus proveedores.<\/li>\n<\/ul>\n\n\n\n<p>Esta declaraci\u00f3n fue aprobada por el Consejo de Administraci\u00f3n de Restek Corporation, y el Consejo ha autorizado a Bill Arrowsmith (Presidente y Director Ejecutivo) a firmarla en nombre de Restek Corporation.<\/p>\n\n\n\n<figure class=\"wp-block-image size-large is-resized\"><img decoding=\"async\" src=\"https:\/\/discover.restek.com\/wp-content\/uploads\/signature-arrowsmith-bill-1024x233.png\" alt=\"\" class=\"wp-image-1922\" style=\"width:500px\" title=\"-\"><\/figure>\n\n\n\n<p>Bill Arrowsmith<br>Presidente y Director Ejecutivo<\/p>\n\n\n\n<p><\/p>\n","protected":false},"excerpt":{"rendered":"<p>Declaraci\u00f3n sobre Esclavitud Moderna La esclavitud moderna engloba todos los tipos de esclavitud, servidumbre, trabajo forzoso y trata de personas. Restek es consciente de estos problemas crecientes y los toma&#8230;<\/p>\n","protected":false},"author":5,"featured_media":0,"parent":0,"menu_order":0,"comment_status":"closed","ping_status":"closed","template":"","meta":{"_acf_changed":false,"_kad_blocks_custom_css":"","_kad_blocks_head_custom_js":"","_kad_blocks_body_custom_js":"","_kad_blocks_footer_custom_js":"","_kadence_starter_templates_imported_post":false,"_kad_post_transparent":"","_kad_post_title":"hide","_kad_post_layout":"","_kad_post_sidebar_id":"","_kad_post_content_style":"","_kad_post_vertical_padding":"","_kad_post_feature":"","_kad_post_feature_position":"","_kad_post_header":false,"_kad_post_footer":false,"footnotes":""},"class_list":["post-1921","page","type-page","status-publish","hentry"],"acf":[],"taxonomy_info":[],"featured_image_src_large":false,"author_info":{"display_name":"Brenda Cogan","author_link":"https:\/\/discover.restek.com\/ja\/author\/brenda-coganrestek-com\/"},"comment_info":0,"_links":{"self":[{"href":"https:\/\/discover.restek.com\/ja\/wp-json\/wp\/v2\/pages\/1921","targetHints":{"allow":["GET"]}}],"collection":[{"href":"https:\/\/discover.restek.com\/ja\/wp-json\/wp\/v2\/pages"}],"about":[{"href":"https:\/\/discover.restek.com\/ja\/wp-json\/wp\/v2\/types\/page"}],"author":[{"embeddable":true,"href":"https:\/\/discover.restek.com\/ja\/wp-json\/wp\/v2\/users\/5"}],"replies":[{"embeddable":true,"href":"https:\/\/discover.restek.com\/ja\/wp-json\/wp\/v2\/comments?post=1921"}],"version-history":[{"count":7,"href":"https:\/\/discover.restek.com\/ja\/wp-json\/wp\/v2\/pages\/1921\/revisions"}],"predecessor-version":[{"id":94928,"href":"https:\/\/discover.restek.com\/ja\/wp-json\/wp\/v2\/pages\/1921\/revisions\/94928"}],"wp:attachment":[{"href":"https:\/\/discover.restek.com\/ja\/wp-json\/wp\/v2\/media?parent=1921"}],"curies":[{"name":"wp","href":"https:\/\/api.w.org\/{rel}","templated":true}]}}